{"id":1584,"date":"2024-04-05T18:55:04","date_gmt":"2024-04-05T17:55:04","guid":{"rendered":"https:\/\/masajesocp.com\/?page_id=1584"},"modified":"2025-10-30T11:00:21","modified_gmt":"2025-10-30T11:00:21","slug":"masaje-descarga-de-espalda","status":"publish","type":"page","link":"https:\/\/masajesocp.com\/index.php\/masaje-descarga-de-espalda\/","title":{"rendered":"Masaje Descarga de Espalda"},"content":{"rendered":"\n<p class=\"has-text-align-left has-black-color has-text-color has-link-color wp-elements-26aff394cd70858d03df955e6198f54f\" style=\"font-size:clamp(16.293px, 1.018rem + ((1vw - 3.2px) * 0.68), 25px);\">\ud83d\ude4c TE GUSTAR\u00cdA SENTIRTE MEJOR&#8230; ??? \ud83d\ude4c Necesitas ese masaje de descarga en toda la espalda por que te sientes cansado, sobrecargado, r\u00edgido, con ansiedad, estr\u00e9s, con molestias, apenas coges postura para dormir por esos dolores musculares ?. Estas en buenas manos \ud83d\ude4c. <\/p>\n\n\n\n<figure class=\"wp-block-image aligncenter size-full\"><img loading=\"lazy\" decoding=\"async\" width=\"800\" height=\"450\" src=\"https:\/\/masajesocp.com\/wp-content\/uploads\/2024\/04\/masaje-descarga-espalda-2.webp\" alt=\"\" class=\"wp-image-1585\" srcset=\"https:\/\/masajesocp.com\/wp-content\/uploads\/2024\/04\/masaje-descarga-espalda-2.webp 800w, https:\/\/masajesocp.com\/wp-content\/uploads\/2024\/04\/masaje-descarga-espalda-2-300x169.webp 300w, https:\/\/masajesocp.com\/wp-content\/uploads\/2024\/04\/masaje-descarga-espalda-2-768x432.webp 768w\" sizes=\"auto, (max-width: 800px) 100vw, 800px\" \/><\/figure>\n\n\n\n<figure class=\"wp-block-video\"><video height=\"1440\" style=\"aspect-ratio: 1080 \/ 1440;\" width=\"1080\" controls src=\"https:\/\/masajesocp.com\/wp-content\/uploads\/2025\/02\/Video-descarga-de-espalda-.mp4\"><\/video><\/figure>\n\n\n\n<p class=\"has-text-align-left has-black-color has-text-color has-link-color wp-elements-365de2831ab4543db187219d7758067b\" style=\"font-size:clamp(16.293px, 1.018rem + ((1vw - 3.2px) * 0.68), 25px);\">El masaje de descarga de espalda es una t\u00e9cnica terap\u00e9utica enfocada espec\u00edficamente en aliviar la tensi\u00f3n y el dolor muscular en la zona de la espalda. Este tipo de masaje suele ser especialmente beneficioso para personas que experimentan rigidez o molestias debido a la mala postura, el estr\u00e9s o la actividad f\u00edsica intensa. Tambi\u00e9n el masaje de descarga se puede aplicar a otras zonas del cuerpo como, piernas o brazos.<\/p>\n\n\n\n<figure class=\"wp-block-image aligncenter size-large\"><img loading=\"lazy\" decoding=\"async\" width=\"1024\" height=\"576\" src=\"https:\/\/masajesocp.com\/wp-content\/uploads\/2024\/04\/Liberacao-Miofascial-1024x576.jpg\" alt=\"\" class=\"wp-image-1589\" srcset=\"https:\/\/masajesocp.com\/wp-content\/uploads\/2024\/04\/Liberacao-Miofascial-1024x576.jpg 1024w, https:\/\/masajesocp.com\/wp-content\/uploads\/2024\/04\/Liberacao-Miofascial-300x169.jpg 300w, https:\/\/masajesocp.com\/wp-content\/uploads\/2024\/04\/Liberacao-Miofascial-768x432.jpg 768w, https:\/\/masajesocp.com\/wp-content\/uploads\/2024\/04\/Liberacao-Miofascial-1536x864.jpg 1536w, https:\/\/masajesocp.com\/wp-content\/uploads\/2024\/04\/Liberacao-Miofascial.jpg 1600w\" sizes=\"auto, (max-width: 1024px) 100vw, 1024px\" \/><\/figure>\n\n\n\n<p class=\"has-text-align-left has-black-color has-text-color has-link-color wp-elements-64f9ce16032554ea662df8a98aa398eb\" style=\"font-size:clamp(16.293px, 1.018rem + ((1vw - 3.2px) * 0.68), 25px);\">Durante un masaje de descarga de espalda, el terapeuta utiliza una combinaci\u00f3n de movimientos suaves, profundos y de amasamiento para trabajar los m\u00fasculos tensos y liberar cualquier bloqueo o restricci\u00f3n en el tejido muscular. Se pueden aplicar t\u00e9cnicas de deslizamiento, amasamiento, presi\u00f3n y estiramientos suaves para mejorar la circulaci\u00f3n sangu\u00ednea, relajar los m\u00fasculos y aliviar el dolor.<\/p>\n\n\n\n<figure class=\"wp-block-image size-large\"><img loading=\"lazy\" decoding=\"async\" width=\"1024\" height=\"683\" src=\"https:\/\/masajesocp.com\/wp-content\/uploads\/2024\/04\/ttb1-1024x683.jpg\" alt=\"\" class=\"wp-image-1591\" srcset=\"https:\/\/masajesocp.com\/wp-content\/uploads\/2024\/04\/ttb1-1024x683.jpg 1024w, https:\/\/masajesocp.com\/wp-content\/uploads\/2024\/04\/ttb1-300x200.jpg 300w, https:\/\/masajesocp.com\/wp-content\/uploads\/2024\/04\/ttb1-768x512.jpg 768w, https:\/\/masajesocp.com\/wp-content\/uploads\/2024\/04\/ttb1-1536x1024.jpg 1536w, https:\/\/masajesocp.com\/wp-content\/uploads\/2024\/04\/ttb1.jpg 1800w\" sizes=\"auto, (max-width: 1024px) 100vw, 1024px\" \/><\/figure>\n\n\n\n<p class=\"has-text-align-left has-black-color has-text-color has-link-color wp-elements-2b519a46c50d592c5806169eac039558\" style=\"font-size:clamp(16.293px, 1.018rem + ((1vw - 3.2px) * 0.68), 25px);\">Adem\u00e1s de proporcionar alivio inmediato, el masaje de descarga de espalda puede ayudar a mejorar la flexibilidad, la movilidad y la postura, as\u00ed como a prevenir lesiones futuras. Es importante comunicarse con el terapeuta durante la sesi\u00f3n para indicar cualquier \u00e1rea de enfoque espec\u00edfica o sensibilidad, asegurando as\u00ed una experiencia de masaje personalizada y efectiva.<\/p>\n\n\n\n<hr class=\"wp-block-separator has-text-color has-black-color has-alpha-channel-opacity has-black-background-color has-background is-style-wide\"\/>\n\n\n\n<figure class=\"wp-block-image aligncenter size-full is-resized\"><img loading=\"lazy\" decoding=\"async\" width=\"512\" height=\"512\" src=\"https:\/\/masajesocp.com\/wp-content\/uploads\/2025\/06\/cropped-Polish_20250603_231518752.jpg\" alt=\"\" class=\"wp-image-2697\" style=\"width:178px;height:auto\" srcset=\"https:\/\/masajesocp.com\/wp-content\/uploads\/2025\/06\/cropped-Polish_20250603_231518752.jpg 512w, https:\/\/masajesocp.com\/wp-content\/uploads\/2025\/06\/cropped-Polish_20250603_231518752-300x300.jpg 300w, https:\/\/masajesocp.com\/wp-content\/uploads\/2025\/06\/cropped-Polish_20250603_231518752-150x150.jpg 150w, https:\/\/masajesocp.com\/wp-content\/uploads\/2025\/06\/cropped-Polish_20250603_231518752-270x270.jpg 270w, https:\/\/masajesocp.com\/wp-content\/uploads\/2025\/06\/cropped-Polish_20250603_231518752-192x192.jpg 192w, https:\/\/masajesocp.com\/wp-content\/uploads\/2025\/06\/cropped-Polish_20250603_231518752-180x180.jpg 180w, https:\/\/masajesocp.com\/wp-content\/uploads\/2025\/06\/cropped-Polish_20250603_231518752-32x32.jpg 32w\" sizes=\"auto, (max-width: 512px) 100vw, 512px\" \/><\/figure>\n\n\n\n<div class=\"wp-block-stackable-button-group stk-block-button-group stk-block stk-5a3372e\" data-block-id=\"5a3372e\"><style>.stk-5a3372e {margin-bottom:38px !important;}.stk-5a3372e .stk-inner-blocks{column-gap:20px !important;row-gap:15px !important;}@media screen and (max-width:999px){.stk-5a3372e {margin-bottom:0px !important;}}<\/style><div class=\"stk-row stk-inner-blocks has-text-align-center stk-block-content stk-button-group\">\n<div class=\"wp-block-stackable-button stk-block-button stk-block stk-6859a84\" data-block-id=\"6859a84\"><style>.stk-6859a84 {margin-top:0px !important;margin-right:0px !important;margin-bottom:0px !important;margin-left:0px !important;}.stk-6859a84 .stk-button{padding-top:12px !important;padding-right:30px !important;padding-bottom:12px !important;padding-left:30px !important;background:#0693e3 !important;border-top-left-radius:7px !important;border-top-right-radius:7px !important;border-bottom-right-radius:7px !important;border-bottom-left-radius:7px !important;}.stk-6859a84 .stk-button:hover:after{background:#3048e6 !important;opacity:1 !important;}.stk-6859a84 .stk-button:before{box-shadow:0 5px 5px 0 #123f5209 !important;border-color:var(--theme-palette-color-8, #ffffff) !important;}.stk-6859a84 .stk-button .stk--inner-svg svg:last-child{height:22px !important;width:22px !important;}.stk-6859a84 .stk-button .stk--inner-svg svg:last-child, .stk-6859a84 .stk-button .stk--inner-svg svg:last-child :is(g, path, rect, polygon, ellipse){fill:#ffffff !important;}<\/style><a class=\"stk-link stk-button stk--hover-effect-darken\" href=\"\/index.php\/contacto\"><span class=\"stk--svg-wrapper\"><div class=\"stk--inner-svg\"><svg xmlns=\"http:\/\/www.w3.org\/2000\/svg\" viewBox=\"0 0 384 512\" aria-hidden=\"true\" width=\"32\" height=\"32\"><path d=\"M64 464c-8.8 0-16-7.2-16-16V64c0-8.8 7.2-16 16-16H224v80c0 17.7 14.3 32 32 32h80V448c0 8.8-7.2 16-16 16H64zM64 0C28.7 0 0 28.7 0 64V448c0 35.3 28.7 64 64 64H320c35.3 0 64-28.7 64-64V154.5c0-17-6.7-33.3-18.7-45.3L274.7 18.7C262.7 6.7 246.5 0 229.5 0H64zm56 256c-13.3 0-24 10.7-24 24s10.7 24 24 24H264c13.3 0 24-10.7 24-24s-10.7-24-24-24H120zm0 96c-13.3 0-24 10.7-24 24s10.7 24 24 24H264c13.3 0 24-10.7 24-24s-10.7-24-24-24H120z\"><\/path><\/svg><\/div><\/span><span class=\"stk-button__inner-text\"><strong>Pide tu Cita<\/strong><\/span><\/a><\/div>\n<\/div><\/div>\n\n\n\n<hr class=\"wp-block-separator has-text-color has-black-color has-alpha-channel-opacity has-black-background-color has-background is-style-wide\"\/>\n\n\n\n<figure class=\"wp-block-video\"><video height=\"1440\" style=\"aspect-ratio: 1080 \/ 1440;\" width=\"1080\" controls src=\"https:\/\/masajesocp.com\/wp-content\/uploads\/2025\/02\/Video-descarga-de-espalda-2.mp4\"><\/video><\/figure>\n","protected":false},"excerpt":{"rendered":"<p>\ud83d\ude4c TE GUSTAR\u00cdA SENTIRTE MEJOR&#8230; ??? \ud83d\ude4c Necesitas ese masaje de descarga en toda la espalda por que te sientes cansado, sobrecargado, r\u00edgido, con ansiedad, estr\u00e9s, con molestias, apenas coges postura para dormir por esos dolores musculares ?. Estas en buenas manos \ud83d\ude4c. El masaje de descarga de espalda es una t\u00e9cnica terap\u00e9utica enfocada espec\u00edficamente [&hellip;]<\/p>\n","protected":false},"author":1,"featured_media":0,"parent":0,"menu_order":0,"comment_status":"closed","ping_status":"closed","template":"","meta":{"_joinchat":[],"footnotes":""},"class_list":["post-1584","page","type-page","status-publish","hentry"],"blocksy_meta":[],"yoast_head":"<!-- This site is optimized with the Yoast SEO plugin v27.2 - https:\/\/yoast.com\/product\/yoast-seo-wordpress\/ -->\n<title>Masaje Descarga de Espalda - Masajes Ocp<\/title>\n<meta name=\"robots\" content=\"index, follow, max-snippet:-1, max-image-preview:large, max-video-preview:-1\" \/>\n<link rel=\"canonical\" href=\"https:\/\/masajesocp.com\/index.php\/masaje-descarga-de-espalda\/\" \/>\n<meta property=\"og:locale\" content=\"es_ES\" \/>\n<meta property=\"og:type\" content=\"article\" \/>\n<meta property=\"og:title\" content=\"Masaje Descarga de Espalda - Masajes Ocp\" \/>\n<meta property=\"og:description\" content=\"\ud83d\ude4c TE GUSTAR\u00cdA SENTIRTE MEJOR&#8230; ??? \ud83d\ude4c Necesitas ese masaje de descarga en toda la espalda por que te sientes cansado, sobrecargado, r\u00edgido, con ansiedad, estr\u00e9s, con molestias, apenas coges postura para dormir por esos dolores musculares ?. Estas en buenas manos \ud83d\ude4c. El masaje de descarga de espalda es una t\u00e9cnica terap\u00e9utica enfocada espec\u00edficamente [&hellip;]\" \/>\n<meta property=\"og:url\" content=\"https:\/\/masajesocp.com\/index.php\/masaje-descarga-de-espalda\/\" \/>\n<meta property=\"og:site_name\" content=\"Masajes Ocp\" \/>\n<meta property=\"article:modified_time\" content=\"2025-10-30T11:00:21+00:00\" \/>\n<meta property=\"og:image\" content=\"https:\/\/masajesocp.com\/wp-content\/uploads\/2024\/04\/masaje-descarga-espalda-2.webp\" \/>\n\t<meta property=\"og:image:width\" content=\"800\" \/>\n\t<meta property=\"og:image:height\" content=\"450\" \/>\n\t<meta property=\"og:image:type\" content=\"image\/webp\" \/>\n<meta name=\"twitter:card\" content=\"summary_large_image\" \/>\n<meta name=\"twitter:label1\" content=\"Tiempo de lectura\" \/>\n\t<meta name=\"twitter:data1\" content=\"2 minutos\" \/>\n<script type=\"application\/ld+json\" class=\"yoast-schema-graph\">{\"@context\":\"https:\/\/schema.org\",\"@graph\":[{\"@type\":\"WebPage\",\"@id\":\"https:\/\/masajesocp.com\/index.php\/masaje-descarga-de-espalda\/\",\"url\":\"https:\/\/masajesocp.com\/index.php\/masaje-descarga-de-espalda\/\",\"name\":\"Masaje Descarga de Espalda - Masajes Ocp\",\"isPartOf\":{\"@id\":\"https:\/\/masajesocp.com\/#website\"},\"primaryImageOfPage\":{\"@id\":\"https:\/\/masajesocp.com\/index.php\/masaje-descarga-de-espalda\/#primaryimage\"},\"image\":{\"@id\":\"https:\/\/masajesocp.com\/index.php\/masaje-descarga-de-espalda\/#primaryimage\"},\"thumbnailUrl\":\"https:\/\/masajesocp.com\/wp-content\/uploads\/2024\/04\/masaje-descarga-espalda-2.webp\",\"datePublished\":\"2024-04-05T17:55:04+00:00\",\"dateModified\":\"2025-10-30T11:00:21+00:00\",\"breadcrumb\":{\"@id\":\"https:\/\/masajesocp.com\/index.php\/masaje-descarga-de-espalda\/#breadcrumb\"},\"inLanguage\":\"es\",\"potentialAction\":[{\"@type\":\"ReadAction\",\"target\":[\"https:\/\/masajesocp.com\/index.php\/masaje-descarga-de-espalda\/\"]}]},{\"@type\":\"ImageObject\",\"inLanguage\":\"es\",\"@id\":\"https:\/\/masajesocp.com\/index.php\/masaje-descarga-de-espalda\/#primaryimage\",\"url\":\"https:\/\/masajesocp.com\/wp-content\/uploads\/2024\/04\/masaje-descarga-espalda-2.webp\",\"contentUrl\":\"https:\/\/masajesocp.com\/wp-content\/uploads\/2024\/04\/masaje-descarga-espalda-2.webp\",\"width\":800,\"height\":450},{\"@type\":\"BreadcrumbList\",\"@id\":\"https:\/\/masajesocp.com\/index.php\/masaje-descarga-de-espalda\/#breadcrumb\",\"itemListElement\":[{\"@type\":\"ListItem\",\"position\":1,\"name\":\"Portada\",\"item\":\"https:\/\/masajesocp.com\/\"},{\"@type\":\"ListItem\",\"position\":2,\"name\":\"Masaje Descarga de Espalda\"}]},{\"@type\":\"WebSite\",\"@id\":\"https:\/\/masajesocp.com\/#website\",\"url\":\"https:\/\/masajesocp.com\/\",\"name\":\"Masajes Ocp\",\"description\":\"Masajes\",\"publisher\":{\"@id\":\"https:\/\/masajesocp.com\/#organization\"},\"potentialAction\":[{\"@type\":\"SearchAction\",\"target\":{\"@type\":\"EntryPoint\",\"urlTemplate\":\"https:\/\/masajesocp.com\/?s={search_term_string}\"},\"query-input\":{\"@type\":\"PropertyValueSpecification\",\"valueRequired\":true,\"valueName\":\"search_term_string\"}}],\"inLanguage\":\"es\"},{\"@type\":\"Organization\",\"@id\":\"https:\/\/masajesocp.com\/#organization\",\"name\":\"Masajes Ocp\",\"url\":\"https:\/\/masajesocp.com\/\",\"logo\":{\"@type\":\"ImageObject\",\"inLanguage\":\"es\",\"@id\":\"https:\/\/masajesocp.com\/#\/schema\/logo\/image\/\",\"url\":\"https:\/\/masajesocp.com\/wp-content\/uploads\/2025\/06\/Polish_20250603_231518752.jpg\",\"contentUrl\":\"https:\/\/masajesocp.com\/wp-content\/uploads\/2025\/06\/Polish_20250603_231518752.jpg\",\"width\":2346,\"height\":2492,\"caption\":\"Masajes Ocp\"},\"image\":{\"@id\":\"https:\/\/masajesocp.com\/#\/schema\/logo\/image\/\"}}]}<\/script>\n<!-- \/ Yoast SEO plugin. -->","yoast_head_json":{"title":"Masaje Descarga de Espalda - Masajes Ocp","robots":{"index":"index","follow":"follow","max-snippet":"max-snippet:-1","max-image-preview":"max-image-preview:large","max-video-preview":"max-video-preview:-1"},"canonical":"https:\/\/masajesocp.com\/index.php\/masaje-descarga-de-espalda\/","og_locale":"es_ES","og_type":"article","og_title":"Masaje Descarga de Espalda - Masajes Ocp","og_description":"\ud83d\ude4c TE GUSTAR\u00cdA SENTIRTE MEJOR&#8230; ??? \ud83d\ude4c Necesitas ese masaje de descarga en toda la espalda por que te sientes cansado, sobrecargado, r\u00edgido, con ansiedad, estr\u00e9s, con molestias, apenas coges postura para dormir por esos dolores musculares ?. Estas en buenas manos \ud83d\ude4c. El masaje de descarga de espalda es una t\u00e9cnica terap\u00e9utica enfocada espec\u00edficamente [&hellip;]","og_url":"https:\/\/masajesocp.com\/index.php\/masaje-descarga-de-espalda\/","og_site_name":"Masajes Ocp","article_modified_time":"2025-10-30T11:00:21+00:00","og_image":[{"width":800,"height":450,"url":"https:\/\/masajesocp.com\/wp-content\/uploads\/2024\/04\/masaje-descarga-espalda-2.webp","type":"image\/webp"}],"twitter_card":"summary_large_image","twitter_misc":{"Tiempo de lectura":"2 minutos"},"schema":{"@context":"https:\/\/schema.org","@graph":[{"@type":"WebPage","@id":"https:\/\/masajesocp.com\/index.php\/masaje-descarga-de-espalda\/","url":"https:\/\/masajesocp.com\/index.php\/masaje-descarga-de-espalda\/","name":"Masaje Descarga de Espalda - Masajes Ocp","isPartOf":{"@id":"https:\/\/masajesocp.com\/#website"},"primaryImageOfPage":{"@id":"https:\/\/masajesocp.com\/index.php\/masaje-descarga-de-espalda\/#primaryimage"},"image":{"@id":"https:\/\/masajesocp.com\/index.php\/masaje-descarga-de-espalda\/#primaryimage"},"thumbnailUrl":"https:\/\/masajesocp.com\/wp-content\/uploads\/2024\/04\/masaje-descarga-espalda-2.webp","datePublished":"2024-04-05T17:55:04+00:00","dateModified":"2025-10-30T11:00:21+00:00","breadcrumb":{"@id":"https:\/\/masajesocp.com\/index.php\/masaje-descarga-de-espalda\/#breadcrumb"},"inLanguage":"es","potentialAction":[{"@type":"ReadAction","target":["https:\/\/masajesocp.com\/index.php\/masaje-descarga-de-espalda\/"]}]},{"@type":"ImageObject","inLanguage":"es","@id":"https:\/\/masajesocp.com\/index.php\/masaje-descarga-de-espalda\/#primaryimage","url":"https:\/\/masajesocp.com\/wp-content\/uploads\/2024\/04\/masaje-descarga-espalda-2.webp","contentUrl":"https:\/\/masajesocp.com\/wp-content\/uploads\/2024\/04\/masaje-descarga-espalda-2.webp","width":800,"height":450},{"@type":"BreadcrumbList","@id":"https:\/\/masajesocp.com\/index.php\/masaje-descarga-de-espalda\/#breadcrumb","itemListElement":[{"@type":"ListItem","position":1,"name":"Portada","item":"https:\/\/masajesocp.com\/"},{"@type":"ListItem","position":2,"name":"Masaje Descarga de Espalda"}]},{"@type":"WebSite","@id":"https:\/\/masajesocp.com\/#website","url":"https:\/\/masajesocp.com\/","name":"Masajes Ocp","description":"Masajes","publisher":{"@id":"https:\/\/masajesocp.com\/#organization"},"potentialAction":[{"@type":"SearchAction","target":{"@type":"EntryPoint","urlTemplate":"https:\/\/masajesocp.com\/?s={search_term_string}"},"query-input":{"@type":"PropertyValueSpecification","valueRequired":true,"valueName":"search_term_string"}}],"inLanguage":"es"},{"@type":"Organization","@id":"https:\/\/masajesocp.com\/#organization","name":"Masajes Ocp","url":"https:\/\/masajesocp.com\/","logo":{"@type":"ImageObject","inLanguage":"es","@id":"https:\/\/masajesocp.com\/#\/schema\/logo\/image\/","url":"https:\/\/masajesocp.com\/wp-content\/uploads\/2025\/06\/Polish_20250603_231518752.jpg","contentUrl":"https:\/\/masajesocp.com\/wp-content\/uploads\/2025\/06\/Polish_20250603_231518752.jpg","width":2346,"height":2492,"caption":"Masajes Ocp"},"image":{"@id":"https:\/\/masajesocp.com\/#\/schema\/logo\/image\/"}}]}},"_links":{"self":[{"href":"https:\/\/masajesocp.com\/index.php\/wp-json\/wp\/v2\/pages\/1584","targetHints":{"allow":["GET"]}}],"collection":[{"href":"https:\/\/masajesocp.com\/index.php\/wp-json\/wp\/v2\/pages"}],"about":[{"href":"https:\/\/masajesocp.com\/index.php\/wp-json\/wp\/v2\/types\/page"}],"author":[{"embeddable":true,"href":"https:\/\/masajesocp.com\/index.php\/wp-json\/wp\/v2\/users\/1"}],"replies":[{"embeddable":true,"href":"https:\/\/masajesocp.com\/index.php\/wp-json\/wp\/v2\/comments?post=1584"}],"version-history":[{"count":11,"href":"https:\/\/masajesocp.com\/index.php\/wp-json\/wp\/v2\/pages\/1584\/revisions"}],"predecessor-version":[{"id":2727,"href":"https:\/\/masajesocp.com\/index.php\/wp-json\/wp\/v2\/pages\/1584\/revisions\/2727"}],"wp:attachment":[{"href":"https:\/\/masajesocp.com\/index.php\/wp-json\/wp\/v2\/media?parent=1584"}],"curies":[{"name":"wp","href":"https:\/\/api.w.org\/{rel}","templated":true}]}}