{"id":2106,"date":"2024-09-29T13:25:54","date_gmt":"2024-09-29T12:25:54","guid":{"rendered":"https:\/\/masajesocp.com\/?page_id=2106"},"modified":"2024-09-29T13:37:47","modified_gmt":"2024-09-29T12:37:47","slug":"masaje-facial","status":"publish","type":"page","link":"https:\/\/masajesocp.com\/index.php\/masaje-facial\/","title":{"rendered":"Masaje Facial"},"content":{"rendered":"\n<h2 class=\"wp-block-heading has-black-color has-text-color has-link-color wp-elements-25115cf058db572ce69437dd3d8b57e8\" style=\"font-size:clamp(22.544px, 1.409rem + ((1vw - 3.2px) * 1.129), 37px);\">El Masaje Facial: Tu Ritual de Belleza y Relajaci\u00f3n<\/h2>\n\n\n\n<figure class=\"wp-block-image aligncenter size-large\"><img loading=\"lazy\" decoding=\"async\" width=\"1024\" height=\"683\" src=\"https:\/\/masajesocp.com\/wp-content\/uploads\/2024\/09\/masaje-facial-1-1024x683.webp\" alt=\"\" class=\"wp-image-2107\" srcset=\"https:\/\/masajesocp.com\/wp-content\/uploads\/2024\/09\/masaje-facial-1-1024x683.webp 1024w, https:\/\/masajesocp.com\/wp-content\/uploads\/2024\/09\/masaje-facial-1-300x200.webp 300w, https:\/\/masajesocp.com\/wp-content\/uploads\/2024\/09\/masaje-facial-1-768x512.webp 768w, https:\/\/masajesocp.com\/wp-content\/uploads\/2024\/09\/masaje-facial-1.webp 1200w\" sizes=\"auto, (max-width: 1024px) 100vw, 1024px\" \/><\/figure>\n\n\n\n<p class=\"has-black-color has-text-color has-link-color wp-elements-6e1b1edf83fbdccebcf0a8bc250bf855\" style=\"font-size:clamp(16.293px, 1.018rem + ((1vw - 3.2px) * 0.68), 25px);\">El masaje facial es mucho m\u00e1s que una simple caricia. Es una t\u00e9cnica milenaria que combina el tacto y la presi\u00f3n para estimular la circulaci\u00f3n sangu\u00ednea, drenar toxinas y relajar los m\u00fasculos faciales. Los beneficios van m\u00e1s all\u00e1 de una piel m\u00e1s luminosa y joven; el masaje facial tambi\u00e9n act\u00faa como un b\u00e1lsamo para el alma, reduciendo el estr\u00e9s y promoviendo una sensaci\u00f3n de bienestar profundo.<\/p>\n\n\n\n<h3 class=\"wp-block-heading has-text-align-center has-black-color has-text-color has-link-color wp-elements-1f3b2218172705667c3f110a54c9bd41\" style=\"font-size:clamp(22.041px, 1.378rem + ((1vw - 3.2px) * 1.091), 36px);\">\u00bfPor qu\u00e9 el masaje facial es beneficioso?<\/h3>\n\n\n\n<figure class=\"wp-block-image aligncenter size-full is-resized\"><img loading=\"lazy\" decoding=\"async\" width=\"520\" height=\"358\" src=\"https:\/\/masajesocp.com\/wp-content\/uploads\/2024\/09\/masaje-facial.jpg\" alt=\"\" class=\"wp-image-2115\" style=\"width:680px;height:auto\" srcset=\"https:\/\/masajesocp.com\/wp-content\/uploads\/2024\/09\/masaje-facial.jpg 520w, https:\/\/masajesocp.com\/wp-content\/uploads\/2024\/09\/masaje-facial-300x207.jpg 300w\" sizes=\"auto, (max-width: 520px) 100vw, 520px\" \/><\/figure>\n\n\n\n<p class=\"has-black-color has-text-color has-link-color wp-elements-84770f88c2f8c63f2eccb24dfa6cd7a4\" style=\"font-size:clamp(16.293px, 1.018rem + ((1vw - 3.2px) * 0.68), 25px);\"><strong>Mejora la circulaci\u00f3n:<\/strong> Al estimular la circulaci\u00f3n sangu\u00ednea, se aporta m\u00e1s ox\u00edgeno y nutrientes a las c\u00e9lulas de la piel, favoreciendo su regeneraci\u00f3n.<\/p>\n\n\n\n<p class=\"has-black-color has-text-color has-link-color wp-elements-e84b965288b0a642a4c410edeefa7ffa\" style=\"font-size:clamp(16.293px, 1.018rem + ((1vw - 3.2px) * 0.68), 25px);\"><strong>Drenaje linf\u00e1tico:<\/strong> Ayuda a eliminar toxinas y l\u00edquidos retenidos, reduciendo la hinchaz\u00f3n y las bolsas bajo los ojos.<\/p>\n\n\n\n<p class=\"has-black-color has-text-color has-link-color wp-elements-5206b41baa90353cdc47c2b99ac7ed38\" style=\"font-size:clamp(16.293px, 1.018rem + ((1vw - 3.2px) * 0.68), 25px);\"><strong>Aumento de la producci\u00f3n de col\u00e1geno y elastina:<\/strong> Estas prote\u00ednas son esenciales para mantener la piel firme y el\u00e1stica, reduciendo la aparici\u00f3n de arrugas y l\u00edneas de expresi\u00f3n.<\/p>\n\n\n\n<p class=\"has-black-color has-text-color has-link-color wp-elements-badc2daad3ceddac30467a98d7e9f189\" style=\"font-size:clamp(16.293px, 1.018rem + ((1vw - 3.2px) * 0.68), 25px);\"><strong>Relajaci\u00f3n muscular:<\/strong> Alivia la tensi\u00f3n facial, reduciendo el estr\u00e9s y las contracturas musculares.<\/p>\n\n\n\n<p class=\"has-black-color has-text-color has-link-color wp-elements-ee8f6f22a09afaabd610e766a342832f\" style=\"font-size:clamp(16.293px, 1.018rem + ((1vw - 3.2px) * 0.68), 25px);\"><strong>Efecto lifting natural:<\/strong> Los movimientos ascendentes del masaje ayudan a reafirmar los tejidos y a levantar los contornos del rostro.<\/p>\n\n\n\n<h3 class=\"wp-block-heading has-text-align-center has-black-color has-text-color has-link-color wp-elements-5503606f1f2e6138f505e0c889ff6400\" style=\"font-size:clamp(22.544px, 1.409rem + ((1vw - 3.2px) * 1.129), 37px);\">Tipos de masaje facial<\/h3>\n\n\n\n<figure class=\"wp-block-image aligncenter size-large\"><img loading=\"lazy\" decoding=\"async\" width=\"1024\" height=\"680\" src=\"https:\/\/masajesocp.com\/wp-content\/uploads\/2024\/09\/masaje-facial-2-1024x680.jpeg\" alt=\"\" class=\"wp-image-2118\" srcset=\"https:\/\/masajesocp.com\/wp-content\/uploads\/2024\/09\/masaje-facial-2-1024x680.jpeg 1024w, https:\/\/masajesocp.com\/wp-content\/uploads\/2024\/09\/masaje-facial-2-300x199.jpeg 300w, https:\/\/masajesocp.com\/wp-content\/uploads\/2024\/09\/masaje-facial-2-768x510.jpeg 768w, https:\/\/masajesocp.com\/wp-content\/uploads\/2024\/09\/masaje-facial-2-1536x1020.jpeg 1536w, https:\/\/masajesocp.com\/wp-content\/uploads\/2024\/09\/masaje-facial-2.jpeg 1691w\" sizes=\"auto, (max-width: 1024px) 100vw, 1024px\" \/><\/figure>\n\n\n\n<figure class=\"wp-block-image aligncenter size-full\"><img loading=\"lazy\" decoding=\"async\" width=\"900\" height=\"600\" src=\"https:\/\/masajesocp.com\/wp-content\/uploads\/2024\/09\/masaje-facial-4.jpg\" alt=\"\" class=\"wp-image-2119\" srcset=\"https:\/\/masajesocp.com\/wp-content\/uploads\/2024\/09\/masaje-facial-4.jpg 900w, https:\/\/masajesocp.com\/wp-content\/uploads\/2024\/09\/masaje-facial-4-300x200.jpg 300w, https:\/\/masajesocp.com\/wp-content\/uploads\/2024\/09\/masaje-facial-4-768x512.jpg 768w\" sizes=\"auto, (max-width: 900px) 100vw, 900px\" \/><\/figure>\n\n\n\n<p class=\"has-black-color has-text-color has-link-color wp-elements-a7745f295f0b86c8a4213421e36a9712\" style=\"font-size:clamp(16.293px, 1.018rem + ((1vw - 3.2px) * 0.68), 25px);\">Existen diversas t\u00e9cnicas de masaje facial, cada una con sus propias caracter\u00edsticas y beneficios:<\/p>\n\n\n\n<p class=\"has-black-color has-text-color has-link-color wp-elements-6ce6d503507c4a21dca85489988f5879\" style=\"font-size:clamp(16.293px, 1.018rem + ((1vw - 3.2px) * 0.68), 25px);\"><strong>Masaje japon\u00e9s:<\/strong> Se caracteriza por sus movimientos suaves y circulares, que ayudan a relajar los m\u00fasculos faciales y a mejorar la circulaci\u00f3n.<\/p>\n\n\n\n<p class=\"has-black-color has-text-color has-link-color wp-elements-7ce9040e4e761eb9933e768ba5dbd724\" style=\"font-size:clamp(16.293px, 1.018rem + ((1vw - 3.2px) * 0.68), 25px);\"><strong>Masaje tailand\u00e9s:<\/strong> Combina t\u00e9cnicas de presi\u00f3n con estiramientos, proporcionando un masaje m\u00e1s profundo y revitalizante.<\/p>\n\n\n\n<p class=\"has-black-color has-text-color has-link-color wp-elements-ba61065489f0dc4e022487440ff10fca\" style=\"font-size:clamp(16.293px, 1.018rem + ((1vw - 3.2px) * 0.68), 25px);\"><strong>Masaje shiatsu:<\/strong> Se basa en la aplicaci\u00f3n de presi\u00f3n en puntos espec\u00edficos del rostro para equilibrar el flujo de energ\u00eda.<\/p>\n\n\n\n<p class=\"has-black-color has-text-color has-link-color wp-elements-03976e8ff4742d22eb19732644e573bf\" style=\"font-size:clamp(16.293px, 1.018rem + ((1vw - 3.2px) * 0.68), 25px);\"><strong>Masaje con piedras calientes:<\/strong> Utilizando piedras volc\u00e1nicas calientes, se relajan los m\u00fasculos y se mejora la circulaci\u00f3n sangu\u00ednea.<\/p>\n\n\n\n<h3 class=\"wp-block-heading has-text-align-center has-black-color has-text-color has-link-color wp-elements-aed2119b2de43d471fb9c3dd6bef0d04\" style=\"font-size:clamp(22.041px, 1.378rem + ((1vw - 3.2px) * 1.091), 36px);\">\u00bfC\u00f3mo realizar un masaje facial en casa?<\/h3>\n\n\n\n<p class=\"has-black-color has-text-color has-link-color wp-elements-0f97b39d45c89a6739f18bfc3551a3e1\" style=\"font-size:clamp(16.293px, 1.018rem + ((1vw - 3.2px) * 0.68), 25px);\">Aunque es recomendable recibir un masaje facial profesional, puedes realizar una sencilla rutina en casa.<\/p>\n\n\n\n<figure class=\"wp-block-image aligncenter size-full\"><img loading=\"lazy\" decoding=\"async\" width=\"662\" height=\"282\" src=\"https:\/\/masajesocp.com\/wp-content\/uploads\/2024\/09\/masaje-facial-3.jpeg\" alt=\"\" class=\"wp-image-2120\" srcset=\"https:\/\/masajesocp.com\/wp-content\/uploads\/2024\/09\/masaje-facial-3.jpeg 662w, https:\/\/masajesocp.com\/wp-content\/uploads\/2024\/09\/masaje-facial-3-300x128.jpeg 300w\" sizes=\"auto, (max-width: 662px) 100vw, 662px\" \/><\/figure>\n\n\n\n<p class=\"has-black-color has-text-color has-link-color wp-elements-1037af8c261382d0f3da1bd3bcf60c55\" style=\"font-size:clamp(16.293px, 1.018rem + ((1vw - 3.2px) * 0.68), 25px);\"><strong>Limpia tu rostro:<\/strong> Retira el maquillaje y las impurezas con un limpiador suave.<\/p>\n\n\n\n<p class=\"has-black-color has-text-color has-link-color wp-elements-60cf1ec6f1aa89ef550f3f3e286f732b\" style=\"font-size:clamp(16.293px, 1.018rem + ((1vw - 3.2px) * 0.68), 25px);\"><strong>Aplica aceite o crema:<\/strong> Elige un producto que nutra tu piel y facilite el deslizamiento de tus dedos.<\/p>\n\n\n\n<p class=\"has-black-color has-text-color has-link-color wp-elements-e19a9b99448928967862881cea98ff3a\" style=\"font-size:clamp(16.293px, 1.018rem + ((1vw - 3.2px) * 0.68), 25px);\"><strong>Movimientos suaves y ascendentes:<\/strong> Realiza movimientos circulares y ascendentes en la frente, mejillas, nariz y ment\u00f3n. Presiona suavemente los puntos clave como las sienes y el centro de la frente.<\/p>\n\n\n\n<p class=\"has-black-color has-text-color has-link-color wp-elements-02cd1375beb79444e4edbbd619115d3e\" style=\"font-size:clamp(16.293px, 1.018rem + ((1vw - 3.2px) * 0.68), 25px);\"><strong>Drenaje linf\u00e1tico:<\/strong> Realiza movimientos suaves desde el centro del rostro hacia los ganglios linf\u00e1ticos del cuello.<\/p>\n\n\n\n<p class=\"has-black-color has-text-color has-link-color wp-elements-0198bbacb839075699fee2a795d4049a\" style=\"font-size:clamp(16.293px, 1.018rem + ((1vw - 3.2px) * 0.68), 25px);\"><strong>Contorno de ojos:<\/strong> Utiliza movimientos suaves y circulares alrededor de los ojos, evitando la zona del p\u00e1rpado.<\/p>\n\n\n\n<figure class=\"wp-block-image aligncenter size-full is-resized\"><img loading=\"lazy\" decoding=\"async\" width=\"700\" height=\"467\" src=\"https:\/\/masajesocp.com\/wp-content\/uploads\/2024\/09\/masaje-facial-5.jpg\" alt=\"\" class=\"wp-image-2121\" style=\"width:823px;height:auto\" srcset=\"https:\/\/masajesocp.com\/wp-content\/uploads\/2024\/09\/masaje-facial-5.jpg 700w, https:\/\/masajesocp.com\/wp-content\/uploads\/2024\/09\/masaje-facial-5-300x200.jpg 300w\" sizes=\"auto, (max-width: 700px) 100vw, 700px\" \/><\/figure>\n\n\n\n<h3 class=\"wp-block-heading has-text-align-center has-black-color has-text-color has-link-color wp-elements-c2984548a1054ec881ef0c84d175e842\" style=\"font-size:clamp(22.041px, 1.378rem + ((1vw - 3.2px) * 1.091), 36px);\">Consejos adicionales<\/h3>\n\n\n\n<p class=\"has-black-color has-text-color has-link-color wp-elements-0df09f2bfb84c71b5a6d8d1f312439b9\" style=\"font-size:clamp(16.293px, 1.018rem + ((1vw - 3.2px) * 0.68), 25px);\"><strong>Constancia:<\/strong> Para obtener mejores resultados, realiza el masaje facial de forma regular, al menos 2-3 veces por semana.<\/p>\n\n\n\n<p class=\"has-black-color has-text-color has-link-color wp-elements-bb19a7aa3cbfedd13acbeb61d1a5fe88\" style=\"font-size:clamp(16.293px, 1.018rem + ((1vw - 3.2px) * 0.68), 25px);\"><strong>Productos adecuados:<\/strong> Utiliza productos de calidad y espec\u00edficos para el cuidado facial.<\/p>\n\n\n\n<p class=\"has-black-color has-text-color has-link-color wp-elements-bcf3d9923e2cfd6361b109b56b75399a\" style=\"font-size:clamp(16.293px, 1.018rem + ((1vw - 3.2px) * 0.68), 25px);\"><strong>Rel\u00e1jate:<\/strong> Crea un ambiente tranquilo y relajante para disfrutar al m\u00e1ximo de tu masaje.<\/p>\n\n\n\n<p class=\"has-black-color has-text-color has-link-color wp-elements-158e9b4381f7737dfdbf7d7cf4f8880b\" style=\"font-size:clamp(16.293px, 1.018rem + ((1vw - 3.2px) * 0.68), 25px);\"><strong>Consulta a un profesional:<\/strong> Si tienes alguna duda o condici\u00f3n de piel espec\u00edfica, consulta a un esteticista o terapeuta.<\/p>\n\n\n\n<p class=\"has-black-color has-text-color has-link-color wp-elements-3ac812ca4b306c91f3c171f727cf1f19\" style=\"font-size:clamp(16.293px, 1.018rem + ((1vw - 3.2px) * 0.68), 25px);\">El masaje facial es una inversi\u00f3n en tu bienestar y belleza. \u00a1An\u00edmate a probarlo y descubre los beneficios que puede aportar a tu piel y a tu estado de \u00e1nimo!<\/p>\n\n\n\n<p><\/p>\n","protected":false},"excerpt":{"rendered":"<p>El Masaje Facial: Tu Ritual de Belleza y Relajaci\u00f3n El masaje facial es mucho m\u00e1s que una simple caricia. Es una t\u00e9cnica milenaria que combina el tacto y la presi\u00f3n para estimular la circulaci\u00f3n sangu\u00ednea, drenar toxinas y relajar los m\u00fasculos faciales. Los beneficios van m\u00e1s all\u00e1 de una piel m\u00e1s luminosa y joven; el [&hellip;]<\/p>\n","protected":false},"author":1,"featured_media":2107,"parent":0,"menu_order":0,"comment_status":"closed","ping_status":"closed","template":"","meta":{"_joinchat":[],"footnotes":""},"class_list":["post-2106","page","type-page","status-publish","has-post-thumbnail","hentry"],"blocksy_meta":[],"yoast_head":"<!-- This site is optimized with the Yoast SEO plugin v27.2 - https:\/\/yoast.com\/product\/yoast-seo-wordpress\/ -->\n<title>Masaje Facial - Masajes Ocp<\/title>\n<meta name=\"robots\" content=\"index, follow, max-snippet:-1, max-image-preview:large, max-video-preview:-1\" \/>\n<link rel=\"canonical\" href=\"https:\/\/masajesocp.com\/index.php\/masaje-facial\/\" \/>\n<meta property=\"og:locale\" content=\"es_ES\" \/>\n<meta property=\"og:type\" content=\"article\" \/>\n<meta property=\"og:title\" content=\"Masaje Facial - Masajes Ocp\" \/>\n<meta property=\"og:description\" content=\"El Masaje Facial: Tu Ritual de Belleza y Relajaci\u00f3n El masaje facial es mucho m\u00e1s que una simple caricia. Es una t\u00e9cnica milenaria que combina el tacto y la presi\u00f3n para estimular la circulaci\u00f3n sangu\u00ednea, drenar toxinas y relajar los m\u00fasculos faciales. Los beneficios van m\u00e1s all\u00e1 de una piel m\u00e1s luminosa y joven; el [&hellip;]\" \/>\n<meta property=\"og:url\" content=\"https:\/\/masajesocp.com\/index.php\/masaje-facial\/\" \/>\n<meta property=\"og:site_name\" content=\"Masajes Ocp\" \/>\n<meta property=\"article:modified_time\" content=\"2024-09-29T12:37:47+00:00\" \/>\n<meta property=\"og:image\" content=\"https:\/\/masajesocp.com\/wp-content\/uploads\/2024\/09\/masaje-facial-1.webp\" \/>\n\t<meta property=\"og:image:width\" content=\"1200\" \/>\n\t<meta property=\"og:image:height\" content=\"800\" \/>\n\t<meta property=\"og:image:type\" content=\"image\/webp\" \/>\n<meta name=\"twitter:card\" content=\"summary_large_image\" \/>\n<meta name=\"twitter:label1\" content=\"Tiempo de lectura\" \/>\n\t<meta name=\"twitter:data1\" content=\"4 minutos\" \/>\n<script type=\"application\/ld+json\" class=\"yoast-schema-graph\">{\"@context\":\"https:\/\/schema.org\",\"@graph\":[{\"@type\":\"WebPage\",\"@id\":\"https:\/\/masajesocp.com\/index.php\/masaje-facial\/\",\"url\":\"https:\/\/masajesocp.com\/index.php\/masaje-facial\/\",\"name\":\"Masaje Facial - Masajes Ocp\",\"isPartOf\":{\"@id\":\"https:\/\/masajesocp.com\/#website\"},\"primaryImageOfPage\":{\"@id\":\"https:\/\/masajesocp.com\/index.php\/masaje-facial\/#primaryimage\"},\"image\":{\"@id\":\"https:\/\/masajesocp.com\/index.php\/masaje-facial\/#primaryimage\"},\"thumbnailUrl\":\"https:\/\/masajesocp.com\/wp-content\/uploads\/2024\/09\/masaje-facial-1.webp\",\"datePublished\":\"2024-09-29T12:25:54+00:00\",\"dateModified\":\"2024-09-29T12:37:47+00:00\",\"breadcrumb\":{\"@id\":\"https:\/\/masajesocp.com\/index.php\/masaje-facial\/#breadcrumb\"},\"inLanguage\":\"es\",\"potentialAction\":[{\"@type\":\"ReadAction\",\"target\":[\"https:\/\/masajesocp.com\/index.php\/masaje-facial\/\"]}]},{\"@type\":\"ImageObject\",\"inLanguage\":\"es\",\"@id\":\"https:\/\/masajesocp.com\/index.php\/masaje-facial\/#primaryimage\",\"url\":\"https:\/\/masajesocp.com\/wp-content\/uploads\/2024\/09\/masaje-facial-1.webp\",\"contentUrl\":\"https:\/\/masajesocp.com\/wp-content\/uploads\/2024\/09\/masaje-facial-1.webp\",\"width\":1200,\"height\":800},{\"@type\":\"BreadcrumbList\",\"@id\":\"https:\/\/masajesocp.com\/index.php\/masaje-facial\/#breadcrumb\",\"itemListElement\":[{\"@type\":\"ListItem\",\"position\":1,\"name\":\"Portada\",\"item\":\"https:\/\/masajesocp.com\/\"},{\"@type\":\"ListItem\",\"position\":2,\"name\":\"Masaje Facial\"}]},{\"@type\":\"WebSite\",\"@id\":\"https:\/\/masajesocp.com\/#website\",\"url\":\"https:\/\/masajesocp.com\/\",\"name\":\"Masajes Ocp\",\"description\":\"Masajes\",\"publisher\":{\"@id\":\"https:\/\/masajesocp.com\/#organization\"},\"potentialAction\":[{\"@type\":\"SearchAction\",\"target\":{\"@type\":\"EntryPoint\",\"urlTemplate\":\"https:\/\/masajesocp.com\/?s={search_term_string}\"},\"query-input\":{\"@type\":\"PropertyValueSpecification\",\"valueRequired\":true,\"valueName\":\"search_term_string\"}}],\"inLanguage\":\"es\"},{\"@type\":\"Organization\",\"@id\":\"https:\/\/masajesocp.com\/#organization\",\"name\":\"Masajes Ocp\",\"url\":\"https:\/\/masajesocp.com\/\",\"logo\":{\"@type\":\"ImageObject\",\"inLanguage\":\"es\",\"@id\":\"https:\/\/masajesocp.com\/#\/schema\/logo\/image\/\",\"url\":\"https:\/\/masajesocp.com\/wp-content\/uploads\/2025\/06\/Polish_20250603_231518752.jpg\",\"contentUrl\":\"https:\/\/masajesocp.com\/wp-content\/uploads\/2025\/06\/Polish_20250603_231518752.jpg\",\"width\":2346,\"height\":2492,\"caption\":\"Masajes Ocp\"},\"image\":{\"@id\":\"https:\/\/masajesocp.com\/#\/schema\/logo\/image\/\"}}]}<\/script>\n<!-- \/ Yoast SEO plugin. -->","yoast_head_json":{"title":"Masaje Facial - Masajes Ocp","robots":{"index":"index","follow":"follow","max-snippet":"max-snippet:-1","max-image-preview":"max-image-preview:large","max-video-preview":"max-video-preview:-1"},"canonical":"https:\/\/masajesocp.com\/index.php\/masaje-facial\/","og_locale":"es_ES","og_type":"article","og_title":"Masaje Facial - Masajes Ocp","og_description":"El Masaje Facial: Tu Ritual de Belleza y Relajaci\u00f3n El masaje facial es mucho m\u00e1s que una simple caricia. Es una t\u00e9cnica milenaria que combina el tacto y la presi\u00f3n para estimular la circulaci\u00f3n sangu\u00ednea, drenar toxinas y relajar los m\u00fasculos faciales. Los beneficios van m\u00e1s all\u00e1 de una piel m\u00e1s luminosa y joven; el [&hellip;]","og_url":"https:\/\/masajesocp.com\/index.php\/masaje-facial\/","og_site_name":"Masajes Ocp","article_modified_time":"2024-09-29T12:37:47+00:00","og_image":[{"width":1200,"height":800,"url":"https:\/\/masajesocp.com\/wp-content\/uploads\/2024\/09\/masaje-facial-1.webp","type":"image\/webp"}],"twitter_card":"summary_large_image","twitter_misc":{"Tiempo de lectura":"4 minutos"},"schema":{"@context":"https:\/\/schema.org","@graph":[{"@type":"WebPage","@id":"https:\/\/masajesocp.com\/index.php\/masaje-facial\/","url":"https:\/\/masajesocp.com\/index.php\/masaje-facial\/","name":"Masaje Facial - Masajes Ocp","isPartOf":{"@id":"https:\/\/masajesocp.com\/#website"},"primaryImageOfPage":{"@id":"https:\/\/masajesocp.com\/index.php\/masaje-facial\/#primaryimage"},"image":{"@id":"https:\/\/masajesocp.com\/index.php\/masaje-facial\/#primaryimage"},"thumbnailUrl":"https:\/\/masajesocp.com\/wp-content\/uploads\/2024\/09\/masaje-facial-1.webp","datePublished":"2024-09-29T12:25:54+00:00","dateModified":"2024-09-29T12:37:47+00:00","breadcrumb":{"@id":"https:\/\/masajesocp.com\/index.php\/masaje-facial\/#breadcrumb"},"inLanguage":"es","potentialAction":[{"@type":"ReadAction","target":["https:\/\/masajesocp.com\/index.php\/masaje-facial\/"]}]},{"@type":"ImageObject","inLanguage":"es","@id":"https:\/\/masajesocp.com\/index.php\/masaje-facial\/#primaryimage","url":"https:\/\/masajesocp.com\/wp-content\/uploads\/2024\/09\/masaje-facial-1.webp","contentUrl":"https:\/\/masajesocp.com\/wp-content\/uploads\/2024\/09\/masaje-facial-1.webp","width":1200,"height":800},{"@type":"BreadcrumbList","@id":"https:\/\/masajesocp.com\/index.php\/masaje-facial\/#breadcrumb","itemListElement":[{"@type":"ListItem","position":1,"name":"Portada","item":"https:\/\/masajesocp.com\/"},{"@type":"ListItem","position":2,"name":"Masaje Facial"}]},{"@type":"WebSite","@id":"https:\/\/masajesocp.com\/#website","url":"https:\/\/masajesocp.com\/","name":"Masajes Ocp","description":"Masajes","publisher":{"@id":"https:\/\/masajesocp.com\/#organization"},"potentialAction":[{"@type":"SearchAction","target":{"@type":"EntryPoint","urlTemplate":"https:\/\/masajesocp.com\/?s={search_term_string}"},"query-input":{"@type":"PropertyValueSpecification","valueRequired":true,"valueName":"search_term_string"}}],"inLanguage":"es"},{"@type":"Organization","@id":"https:\/\/masajesocp.com\/#organization","name":"Masajes Ocp","url":"https:\/\/masajesocp.com\/","logo":{"@type":"ImageObject","inLanguage":"es","@id":"https:\/\/masajesocp.com\/#\/schema\/logo\/image\/","url":"https:\/\/masajesocp.com\/wp-content\/uploads\/2025\/06\/Polish_20250603_231518752.jpg","contentUrl":"https:\/\/masajesocp.com\/wp-content\/uploads\/2025\/06\/Polish_20250603_231518752.jpg","width":2346,"height":2492,"caption":"Masajes Ocp"},"image":{"@id":"https:\/\/masajesocp.com\/#\/schema\/logo\/image\/"}}]}},"_links":{"self":[{"href":"https:\/\/masajesocp.com\/index.php\/wp-json\/wp\/v2\/pages\/2106","targetHints":{"allow":["GET"]}}],"collection":[{"href":"https:\/\/masajesocp.com\/index.php\/wp-json\/wp\/v2\/pages"}],"about":[{"href":"https:\/\/masajesocp.com\/index.php\/wp-json\/wp\/v2\/types\/page"}],"author":[{"embeddable":true,"href":"https:\/\/masajesocp.com\/index.php\/wp-json\/wp\/v2\/users\/1"}],"replies":[{"embeddable":true,"href":"https:\/\/masajesocp.com\/index.php\/wp-json\/wp\/v2\/comments?post=2106"}],"version-history":[{"count":3,"href":"https:\/\/masajesocp.com\/index.php\/wp-json\/wp\/v2\/pages\/2106\/revisions"}],"predecessor-version":[{"id":2122,"href":"https:\/\/masajesocp.com\/index.php\/wp-json\/wp\/v2\/pages\/2106\/revisions\/2122"}],"wp:featuredmedia":[{"embeddable":true,"href":"https:\/\/masajesocp.com\/index.php\/wp-json\/wp\/v2\/media\/2107"}],"wp:attachment":[{"href":"https:\/\/masajesocp.com\/index.php\/wp-json\/wp\/v2\/media?parent=2106"}],"curies":[{"name":"wp","href":"https:\/\/api.w.org\/{rel}","templated":true}]}}