{"id":2203,"date":"2024-10-08T10:45:57","date_gmt":"2024-10-08T09:45:57","guid":{"rendered":"https:\/\/masajesocp.com\/?page_id=2203"},"modified":"2024-10-08T16:52:28","modified_gmt":"2024-10-08T15:52:28","slug":"masaje-exclusivo-en-villas-de-lujo-tenerife","status":"publish","type":"page","link":"https:\/\/masajesocp.com\/index.php\/masaje-exclusivo-en-villas-de-lujo-tenerife\/","title":{"rendered":"Masaje Exclusivo En Villas de Lujo Tenerife"},"content":{"rendered":"\n<h2 class=\"wp-block-heading\"><strong>Masajes de Lujo en Villas de Tenerife: Tu Refugio de Bienestar<\/strong><\/h2>\n\n\n\n<figure class=\"wp-block-image aligncenter size-large is-resized\"><img loading=\"lazy\" decoding=\"async\" width=\"1024\" height=\"576\" src=\"https:\/\/masajesocp.com\/wp-content\/uploads\/2024\/10\/villas-de-lujo-2-1024x576.jpeg\" alt=\"\" class=\"wp-image-2205\" style=\"width:1289px;height:auto\" srcset=\"https:\/\/masajesocp.com\/wp-content\/uploads\/2024\/10\/villas-de-lujo-2-1024x576.jpeg 1024w, https:\/\/masajesocp.com\/wp-content\/uploads\/2024\/10\/villas-de-lujo-2-300x169.jpeg 300w, https:\/\/masajesocp.com\/wp-content\/uploads\/2024\/10\/villas-de-lujo-2-768x432.jpeg 768w, https:\/\/masajesocp.com\/wp-content\/uploads\/2024\/10\/villas-de-lujo-2-1536x864.jpeg 1536w, https:\/\/masajesocp.com\/wp-content\/uploads\/2024\/10\/villas-de-lujo-2.jpeg 1920w\" sizes=\"auto, (max-width: 1024px) 100vw, 1024px\" \/><\/figure>\n\n\n\n<p class=\"has-black-color has-text-color has-link-color wp-elements-281a037b7a4b087d68022683dc6d2037\" style=\"font-size:clamp(16.293px, 1.018rem + ((1vw - 3.2px) * 0.68), 25px);\">Tenerife, con su clima c\u00e1lido, paisajes impresionantes y una amplia oferta de alojamientos de lujo, es el destino ideal para desconectar y recargar energ\u00edas. Y qu\u00e9 mejor manera de hacerlo que con un Masaje en la privacidad de una villa exclusiva.<\/p>\n\n\n\n<h3 class=\"wp-block-heading has-text-align-center\"><strong>La Experiencia \u00danica de un Masaje en Villa<\/strong><\/h3>\n\n\n\n<figure class=\"wp-block-image aligncenter size-large is-resized\"><img loading=\"lazy\" decoding=\"async\" width=\"1024\" height=\"670\" src=\"https:\/\/masajesocp.com\/wp-content\/uploads\/2024\/10\/villas-de-lujo-5-1024x670.jpg\" alt=\"\" class=\"wp-image-2216\" style=\"width:1287px;height:auto\" srcset=\"https:\/\/masajesocp.com\/wp-content\/uploads\/2024\/10\/villas-de-lujo-5-1024x670.jpg 1024w, https:\/\/masajesocp.com\/wp-content\/uploads\/2024\/10\/villas-de-lujo-5-300x196.jpg 300w, https:\/\/masajesocp.com\/wp-content\/uploads\/2024\/10\/villas-de-lujo-5-768x502.jpg 768w, https:\/\/masajesocp.com\/wp-content\/uploads\/2024\/10\/villas-de-lujo-5-1536x1005.jpg 1536w, https:\/\/masajesocp.com\/wp-content\/uploads\/2024\/10\/villas-de-lujo-5.jpg 1920w\" sizes=\"auto, (max-width: 1024px) 100vw, 1024px\" \/><\/figure>\n\n\n\n<figure class=\"wp-block-image aligncenter size-large is-resized\"><img loading=\"lazy\" decoding=\"async\" width=\"1024\" height=\"574\" src=\"https:\/\/masajesocp.com\/wp-content\/uploads\/2024\/10\/villas-de-lujo-4-1024x574.jpg\" alt=\"\" class=\"wp-image-2207\" style=\"width:1292px;height:auto\" srcset=\"https:\/\/masajesocp.com\/wp-content\/uploads\/2024\/10\/villas-de-lujo-4-1024x574.jpg 1024w, https:\/\/masajesocp.com\/wp-content\/uploads\/2024\/10\/villas-de-lujo-4-300x168.jpg 300w, https:\/\/masajesocp.com\/wp-content\/uploads\/2024\/10\/villas-de-lujo-4-768x431.jpg 768w, https:\/\/masajesocp.com\/wp-content\/uploads\/2024\/10\/villas-de-lujo-4.jpg 1150w\" sizes=\"auto, (max-width: 1024px) 100vw, 1024px\" \/><\/figure>\n\n\n\n<p class=\"has-black-color has-text-color has-link-color wp-elements-647b57da567972ed863081ac66ac75d9\" style=\"font-size:clamp(16.293px, 1.018rem + ((1vw - 3.2px) * 0.68), 25px);\">Imagina despertar con el sonido de las olas y disfrutar de un masaje personalizado en tu propia terraza privada, con vistas al oc\u00e9ano Atl\u00e1ntico. Esta es la experiencia que ofrecen muchas villas de lujo en Tenerife. Al reservar un masaje en villa, puedes elegir el tipo de masaje que m\u00e1s te convenga desde: Masajes Deportivos hasta Masajes mas relajantes como el tipo Balin\u00e9s.<\/p>\n\n\n\n<h2 class=\"wp-block-heading has-text-align-center\"><strong>Masajes m\u00e1s Solicitados:<\/strong><\/h2>\n\n\n\n<figure class=\"wp-block-image aligncenter size-full is-resized\"><img loading=\"lazy\" decoding=\"async\" width=\"800\" height=\"448\" src=\"https:\/\/masajesocp.com\/wp-content\/uploads\/2024\/08\/masaje-balines-4.jpg\" alt=\"\" class=\"wp-image-1932\" style=\"width:964px;height:auto\" srcset=\"https:\/\/masajesocp.com\/wp-content\/uploads\/2024\/08\/masaje-balines-4.jpg 800w, https:\/\/masajesocp.com\/wp-content\/uploads\/2024\/08\/masaje-balines-4-300x168.jpg 300w, https:\/\/masajesocp.com\/wp-content\/uploads\/2024\/08\/masaje-balines-4-768x430.jpg 768w\" sizes=\"auto, (max-width: 800px) 100vw, 800px\" \/><\/figure>\n\n\n\n<p class=\"has-palette-color-4-color has-text-color has-link-color wp-elements-4127aa76676b8eb8de27a7e5dd0ce219\" style=\"font-size:clamp(16.293px, 1.018rem + ((1vw - 3.2px) * 0.68), 25px);\">&#8211;<a href=\"\/index.php\/masaje-descarga-de-espalda\">Masaje Descarga de Espalda.<\/a><\/p>\n\n\n\n<p class=\"has-black-color has-text-color has-link-color wp-elements-b0cd65a24f8694dc919f20f6608831d3\" style=\"font-size:clamp(16.293px, 1.018rem + ((1vw - 3.2px) * 0.68), 25px);\">&#8211;<a href=\"\/index.php\/masaje-deportivo\">Masaje Deportivo.<\/a><\/p>\n\n\n\n<p class=\"has-black-color has-text-color has-link-color wp-elements-9f4cb28aba7f0abc08691b8cdf67f713\" style=\"font-size:clamp(16.293px, 1.018rem + ((1vw - 3.2px) * 0.68), 25px);\">&#8211;<a href=\"\/index.php\/masaje-descarga-de-piernas\">Masaje Descarga de Piernas<\/a>.<\/p>\n\n\n\n<p class=\"has-black-color has-text-color has-link-color wp-elements-cca8739c7d1aeadd25f9c0b0d421c411\" style=\"font-size:clamp(16.293px, 1.018rem + ((1vw - 3.2px) * 0.68), 25px);\">&#8211;<a href=\"\/index.php\/masaje-descontracturante\">Masaje Descontracturante<\/a>.<\/p>\n\n\n\n<p class=\"has-black-color has-text-color has-link-color wp-elements-55f1775c00637bf8d7f4ca8e38dda334\" style=\"font-size:clamp(16.293px, 1.018rem + ((1vw - 3.2px) * 0.68), 25px);\">&#8211;<a href=\"\/index.php\/masaje-lumbalgia\">Masaje Lumbalgia<\/a>.<\/p>\n\n\n\n<p class=\"has-black-color has-text-color has-link-color wp-elements-f24f74e06e397bda3006bf8221a39581\" style=\"font-size:clamp(16.293px, 1.018rem + ((1vw - 3.2px) * 0.68), 25px);\">&#8211;<a href=\"\/index.php\/masaje-cervicalgia\">Masaje Cervicalgia<\/a>.<\/p>\n\n\n\n<p class=\"has-black-color has-text-color has-link-color wp-elements-afce8cfe103ad8e8f9d6cb699873cbe0\" style=\"font-size:clamp(16.293px, 1.018rem + ((1vw - 3.2px) * 0.68), 25px);\">&#8211;<a href=\"\/index.php\/masaje-ciatica\">Masaje Ci\u00e1tica<\/a>.<\/p>\n\n\n\n<p class=\"has-black-color has-text-color has-link-color wp-elements-3dc62eee9aaf6944beee03fe27b1d58b\" style=\"font-size:clamp(16.293px, 1.018rem + ((1vw - 3.2px) * 0.68), 25px);\">&#8211;<a href=\"\/index.php\/masaje-balines\">Masaje Balin\u00e9s<\/a>.<\/p>\n\n\n\n<figure class=\"wp-block-image aligncenter size-large\"><img loading=\"lazy\" decoding=\"async\" width=\"1024\" height=\"640\" src=\"https:\/\/masajesocp.com\/wp-content\/uploads\/2024\/08\/golf-16-1024x640.jpg\" alt=\"\" class=\"wp-image-1857\" srcset=\"https:\/\/masajesocp.com\/wp-content\/uploads\/2024\/08\/golf-16-1024x640.jpg 1024w, https:\/\/masajesocp.com\/wp-content\/uploads\/2024\/08\/golf-16-300x188.jpg 300w, https:\/\/masajesocp.com\/wp-content\/uploads\/2024\/08\/golf-16-768x480.jpg 768w, https:\/\/masajesocp.com\/wp-content\/uploads\/2024\/08\/golf-16.jpg 1280w\" sizes=\"auto, (max-width: 1024px) 100vw, 1024px\" \/><\/figure>\n\n\n\n<p class=\"has-black-color has-text-color has-link-color wp-elements-b979bcb976bc002133c07c256d752aa8\" style=\"font-size:clamp(18.434px, 1.152rem + ((1vw - 3.2px) * 0.825), 29px);\"><strong>Beneficios de un masaje en villa:<\/strong><\/p>\n\n\n\n<p class=\"has-black-color has-text-color has-link-color wp-elements-46aa269946d695216858b21cbd7ba2c3\" style=\"font-size:clamp(16.293px, 1.018rem + ((1vw - 3.2px) * 0.68), 25px);\"><strong>Privacidad:<\/strong> Disfruta de un momento totalmente a solas, sin interrupciones.<\/p>\n\n\n\n<p class=\"has-black-color has-text-color has-link-color wp-elements-6be5f2e67f3ce978a5f4dab6fe36dc62\" style=\"font-size:clamp(16.293px, 1.018rem + ((1vw - 3.2px) * 0.68), 25px);\"><strong>Personalizaci\u00f3n:<\/strong> El masajista se adapta a tus necesidades y preferencias del masaje seleccionado.<\/p>\n\n\n\n<p class=\"has-black-color has-text-color has-link-color wp-elements-5f980f6f262622f0da76c424326a4be5\" style=\"font-size:clamp(16.293px, 1.018rem + ((1vw - 3.2px) * 0.68), 25px);\"><strong>Comodidad:<\/strong> Recibe el masaje en el entorno que m\u00e1s te gusta, ya sea en tu sal\u00f3n, en la terraza, en el jard\u00edn, o junto a la piscina.<\/p>\n\n\n\n<p class=\"has-black-color has-text-color has-link-color wp-elements-33a54a363b865415484f55e4c1f640fd\" style=\"font-size:clamp(16.293px, 1.018rem + ((1vw - 3.2px) * 0.68), 25px);\"><strong>Flexibilidad:<\/strong> Elige la hora y la duraci\u00f3n del masaje que mejor se adapte a tu horario.<\/p>\n\n\n\n<figure class=\"wp-block-image size-large is-resized\"><img loading=\"lazy\" decoding=\"async\" width=\"1024\" height=\"576\" src=\"https:\/\/masajesocp.com\/wp-content\/uploads\/2024\/10\/villas-de-lujo-1024x576.webp\" alt=\"\" class=\"wp-image-2206\" style=\"width:1285px;height:auto\" srcset=\"https:\/\/masajesocp.com\/wp-content\/uploads\/2024\/10\/villas-de-lujo-1024x576.webp 1024w, https:\/\/masajesocp.com\/wp-content\/uploads\/2024\/10\/villas-de-lujo-300x169.webp 300w, https:\/\/masajesocp.com\/wp-content\/uploads\/2024\/10\/villas-de-lujo-768x432.webp 768w, https:\/\/masajesocp.com\/wp-content\/uploads\/2024\/10\/villas-de-lujo-1536x864.webp 1536w, https:\/\/masajesocp.com\/wp-content\/uploads\/2024\/10\/villas-de-lujo.webp 1900w\" sizes=\"auto, (max-width: 1024px) 100vw, 1024px\" \/><\/figure>\n\n\n\n<h3 class=\"wp-block-heading\"><strong>\u00bfPor qu\u00e9 elegir Tenerife para un masaje de lujo?<\/strong><\/h3>\n\n\n\n<p class=\"has-black-color has-text-color has-link-color wp-elements-39c4e211eb80bae07a11f92596fbba62\" style=\"font-size:clamp(16.293px, 1.018rem + ((1vw - 3.2px) * 0.68), 25px);\"><strong>Clima c\u00e1lido:<\/strong> El clima de Tenerife permite disfrutar de masajes al aire libre durante todo el a\u00f1o.<\/p>\n\n\n\n<p class=\"has-black-color has-text-color has-link-color wp-elements-9bd0ba6525602e4c96f343a3a95e1fac\" style=\"font-size:clamp(16.293px, 1.018rem + ((1vw - 3.2px) * 0.68), 25px);\"><strong>Paisajes impresionantes:<\/strong> Las vistas al mar, a los volcanes o a los bosques de laurisilva crean un ambiente relajante y \u00fanico.<\/p>\n\n\n\n<p class=\"has-black-color has-text-color has-link-color wp-elements-3a101726b395e2f5de957ad52003a123\" style=\"font-size:clamp(16.293px, 1.018rem + ((1vw - 3.2px) * 0.68), 25px);\"><strong>Productos naturales:<\/strong> Muchos masajistas utilizan productos locales y naturales para sus tratamientos.<\/p>\n\n\n\n<p class=\"has-black-color has-text-color has-link-color wp-elements-c289677e57a53aec4e299d8c8b36b6cb\" style=\"font-size:clamp(16.293px, 1.018rem + ((1vw - 3.2px) * 0.68), 25px);\"><strong>Profesional cualificado:<\/strong> Masajista altamente cualificado y con experiencia en diferentes t\u00e9cnicas de masaje.<\/p>\n\n\n\n<h3 class=\"wp-block-heading has-text-align-center has-black-color has-text-color has-link-color wp-elements-0daee4e849371a39bdc1f3547abbcc9d\" style=\"font-size:clamp(22.041px, 1.378rem + ((1vw - 3.2px) * 1.091), 36px);\"><strong>Disfruta de una experiencia inolvidable<\/strong><\/h3>\n\n\n\n<figure class=\"wp-block-image size-large is-resized\"><img loading=\"lazy\" decoding=\"async\" width=\"1024\" height=\"534\" src=\"https:\/\/masajesocp.com\/wp-content\/uploads\/2024\/10\/casas-de-lujo-3-1024x534.jpeg\" alt=\"\" class=\"wp-image-2204\" style=\"width:1285px;height:auto\" srcset=\"https:\/\/masajesocp.com\/wp-content\/uploads\/2024\/10\/casas-de-lujo-3-1024x534.jpeg 1024w, https:\/\/masajesocp.com\/wp-content\/uploads\/2024\/10\/casas-de-lujo-3-300x156.jpeg 300w, https:\/\/masajesocp.com\/wp-content\/uploads\/2024\/10\/casas-de-lujo-3-768x400.jpeg 768w, https:\/\/masajesocp.com\/wp-content\/uploads\/2024\/10\/casas-de-lujo-3-1536x801.jpeg 1536w, https:\/\/masajesocp.com\/wp-content\/uploads\/2024\/10\/casas-de-lujo-3.jpeg 1600w\" sizes=\"auto, (max-width: 1024px) 100vw, 1024px\" \/><\/figure>\n\n\n\n<p class=\"has-black-color has-text-color has-link-color wp-elements-b098808d42023ac8185a70f66014d4fa\" style=\"font-size:clamp(16.293px, 1.018rem + ((1vw - 3.2px) * 0.68), 25px);\">Un masaje en una villa de lujo en Tenerife es mucho m\u00e1s que un simple tratamiento. Es una oportunidad para desconectar del estr\u00e9s, conectar contigo mismo y disfrutar de una experiencia \u00fanica.<\/p>\n\n\n\n<p class=\"has-text-align-center has-black-color has-text-color has-link-color wp-elements-81d3710eed2ea0c0290db4d593eaeaff\" style=\"font-size:clamp(19.481px, 1.218rem + ((1vw - 3.2px) * 0.9), 31px);\"><strong>\u00bfEst\u00e1s listo para vivir esta experiencia?<\/strong><\/p>\n\n\n\n<hr class=\"wp-block-separator has-text-color has-vivid-cyan-blue-color has-alpha-channel-opacity has-vivid-cyan-blue-background-color has-background is-style-wide\"\/>\n\n\n\n<figure class=\"wp-block-image aligncenter size-full is-resized\"><img loading=\"lazy\" decoding=\"async\" width=\"500\" height=\"500\" src=\"https:\/\/masajesocp.com\/wp-content\/uploads\/2024\/03\/Logo-masaje-transparente-1.png\" alt=\"Logo Masajes Ocp\" class=\"wp-image-1295\" style=\"width:178px;height:auto\" srcset=\"https:\/\/masajesocp.com\/wp-content\/uploads\/2024\/03\/Logo-masaje-transparente-1.png 500w, https:\/\/masajesocp.com\/wp-content\/uploads\/2024\/03\/Logo-masaje-transparente-1-300x300.png 300w, https:\/\/masajesocp.com\/wp-content\/uploads\/2024\/03\/Logo-masaje-transparente-1-150x150.png 150w\" sizes=\"auto, (max-width: 500px) 100vw, 500px\" \/><\/figure>\n\n\n\n<div class=\"wp-block-stackable-button-group stk-block-button-group stk-block stk-af5a7c6\" data-block-id=\"af5a7c6\"><style>.stk-af5a7c6 .stk-button-group{flex-direction:row !important;}.stk-af5a7c6 {margin-bottom:38px !important;}.stk-af5a7c6 .stk-inner-blocks{column-gap:20px !important;row-gap:15px !important;}@media screen and (max-width:999px){.stk-af5a7c6 .stk-button-group{flex-direction:row !important;}.stk-af5a7c6 {margin-bottom:0px !important;}}@media screen and (max-width:689px){.stk-af5a7c6 .stk-button-group{flex-direction:row !important;}}<\/style><div class=\"stk-row stk-inner-blocks has-text-align-center stk-block-content stk-button-group\">\n<div class=\"wp-block-stackable-button stk-block-button stk-block stk-faff843\" data-block-id=\"faff843\"><style>.stk-faff843 {margin-top:0px !important;margin-right:0px !important;margin-bottom:0px !important;margin-left:0px !important;}.stk-faff843 .stk-button{padding-top:12px !important;padding-right:30px !important;padding-bottom:12px !important;padding-left:30px !important;background:#0693e3 !important;border-top-left-radius:7px !important;border-top-right-radius:7px !important;border-bottom-right-radius:7px !important;border-bottom-left-radius:7px !important;}.stk-faff843 .stk-button:hover:after{background:#3048e6 !important;opacity:1 !important;}.stk-faff843 .stk-button:before{box-shadow:0 5px 5px 0 #123f5209 !important;}.stk-faff843 .stk-button .stk--inner-svg svg:last-child{height:22px !important;width:22px !important;}.stk-faff843 .stk-button .stk--inner-svg svg:last-child, .stk-faff843 .stk-button .stk--inner-svg svg:last-child :is(g, path, rect, polygon, ellipse){fill:#ffffff !important;}<\/style><a class=\"stk-link stk-button stk--hover-effect-darken\" href=\"\/index.php\/contacto\"><span class=\"stk--svg-wrapper\"><div class=\"stk--inner-svg\"><svg xmlns=\"http:\/\/www.w3.org\/2000\/svg\" viewBox=\"0 0 384 512\" aria-hidden=\"true\" width=\"32\" height=\"32\"><path d=\"M64 464c-8.8 0-16-7.2-16-16V64c0-8.8 7.2-16 16-16H224v80c0 17.7 14.3 32 32 32h80V448c0 8.8-7.2 16-16 16H64zM64 0C28.7 0 0 28.7 0 64V448c0 35.3 28.7 64 64 64H320c35.3 0 64-28.7 64-64V154.5c0-17-6.7-33.3-18.7-45.3L274.7 18.7C262.7 6.7 246.5 0 229.5 0H64zm56 256c-13.3 0-24 10.7-24 24s10.7 24 24 24H264c13.3 0 24-10.7 24-24s-10.7-24-24-24H120zm0 96c-13.3 0-24 10.7-24 24s10.7 24 24 24H264c13.3 0 24-10.7 24-24s-10.7-24-24-24H120z\"><\/path><\/svg><\/div><\/span><span class=\"stk-button__inner-text\"><strong>Pide tu Masaje <\/strong><\/span><\/a><\/div>\n<\/div><\/div>\n\n\n\n<hr class=\"wp-block-separator has-text-color has-vivid-cyan-blue-color has-alpha-channel-opacity has-vivid-cyan-blue-background-color has-background is-style-wide\"\/>\n","protected":false},"excerpt":{"rendered":"<p>Masajes de Lujo en Villas de Tenerife: Tu Refugio de Bienestar Tenerife, con su clima c\u00e1lido, paisajes impresionantes y una amplia oferta de alojamientos de lujo, es el destino ideal para desconectar y recargar energ\u00edas. Y qu\u00e9 mejor manera de hacerlo que con un Masaje en la privacidad de una villa exclusiva. La Experiencia \u00danica [&hellip;]<\/p>\n","protected":false},"author":1,"featured_media":2216,"parent":0,"menu_order":0,"comment_status":"closed","ping_status":"closed","template":"","meta":{"_joinchat":[],"footnotes":""},"class_list":["post-2203","page","type-page","status-publish","has-post-thumbnail","hentry"],"blocksy_meta":[],"yoast_head":"<!-- This site is optimized with the Yoast SEO plugin v27.2 - https:\/\/yoast.com\/product\/yoast-seo-wordpress\/ -->\n<title>Masaje Exclusivo En Villas de Lujo Tenerife - Masajes Ocp<\/title>\n<meta name=\"robots\" content=\"index, follow, max-snippet:-1, max-image-preview:large, max-video-preview:-1\" \/>\n<link rel=\"canonical\" href=\"https:\/\/masajesocp.com\/index.php\/masaje-exclusivo-en-villas-de-lujo-tenerife\/\" \/>\n<meta property=\"og:locale\" content=\"es_ES\" \/>\n<meta property=\"og:type\" content=\"article\" \/>\n<meta property=\"og:title\" content=\"Masaje Exclusivo En Villas de Lujo Tenerife - Masajes Ocp\" \/>\n<meta property=\"og:description\" content=\"Masajes de Lujo en Villas de Tenerife: Tu Refugio de Bienestar Tenerife, con su clima c\u00e1lido, paisajes impresionantes y una amplia oferta de alojamientos de lujo, es el destino ideal para desconectar y recargar energ\u00edas. Y qu\u00e9 mejor manera de hacerlo que con un Masaje en la privacidad de una villa exclusiva. La Experiencia \u00danica [&hellip;]\" \/>\n<meta property=\"og:url\" content=\"https:\/\/masajesocp.com\/index.php\/masaje-exclusivo-en-villas-de-lujo-tenerife\/\" \/>\n<meta property=\"og:site_name\" content=\"Masajes Ocp\" \/>\n<meta property=\"article:modified_time\" content=\"2024-10-08T15:52:28+00:00\" \/>\n<meta property=\"og:image\" content=\"https:\/\/masajesocp.com\/wp-content\/uploads\/2024\/10\/villas-de-lujo-5.jpg\" \/>\n\t<meta property=\"og:image:width\" content=\"1920\" \/>\n\t<meta property=\"og:image:height\" content=\"1256\" \/>\n\t<meta property=\"og:image:type\" content=\"image\/jpeg\" \/>\n<meta name=\"twitter:card\" content=\"summary_large_image\" \/>\n<meta name=\"twitter:label1\" content=\"Tiempo de lectura\" \/>\n\t<meta name=\"twitter:data1\" content=\"4 minutos\" \/>\n<script type=\"application\/ld+json\" class=\"yoast-schema-graph\">{\"@context\":\"https:\/\/schema.org\",\"@graph\":[{\"@type\":\"WebPage\",\"@id\":\"https:\/\/masajesocp.com\/index.php\/masaje-exclusivo-en-villas-de-lujo-tenerife\/\",\"url\":\"https:\/\/masajesocp.com\/index.php\/masaje-exclusivo-en-villas-de-lujo-tenerife\/\",\"name\":\"Masaje Exclusivo En Villas de Lujo Tenerife - Masajes Ocp\",\"isPartOf\":{\"@id\":\"https:\/\/masajesocp.com\/#website\"},\"primaryImageOfPage\":{\"@id\":\"https:\/\/masajesocp.com\/index.php\/masaje-exclusivo-en-villas-de-lujo-tenerife\/#primaryimage\"},\"image\":{\"@id\":\"https:\/\/masajesocp.com\/index.php\/masaje-exclusivo-en-villas-de-lujo-tenerife\/#primaryimage\"},\"thumbnailUrl\":\"https:\/\/masajesocp.com\/wp-content\/uploads\/2024\/10\/villas-de-lujo-5.jpg\",\"datePublished\":\"2024-10-08T09:45:57+00:00\",\"dateModified\":\"2024-10-08T15:52:28+00:00\",\"breadcrumb\":{\"@id\":\"https:\/\/masajesocp.com\/index.php\/masaje-exclusivo-en-villas-de-lujo-tenerife\/#breadcrumb\"},\"inLanguage\":\"es\",\"potentialAction\":[{\"@type\":\"ReadAction\",\"target\":[\"https:\/\/masajesocp.com\/index.php\/masaje-exclusivo-en-villas-de-lujo-tenerife\/\"]}]},{\"@type\":\"ImageObject\",\"inLanguage\":\"es\",\"@id\":\"https:\/\/masajesocp.com\/index.php\/masaje-exclusivo-en-villas-de-lujo-tenerife\/#primaryimage\",\"url\":\"https:\/\/masajesocp.com\/wp-content\/uploads\/2024\/10\/villas-de-lujo-5.jpg\",\"contentUrl\":\"https:\/\/masajesocp.com\/wp-content\/uploads\/2024\/10\/villas-de-lujo-5.jpg\",\"width\":1920,\"height\":1256},{\"@type\":\"BreadcrumbList\",\"@id\":\"https:\/\/masajesocp.com\/index.php\/masaje-exclusivo-en-villas-de-lujo-tenerife\/#breadcrumb\",\"itemListElement\":[{\"@type\":\"ListItem\",\"position\":1,\"name\":\"Portada\",\"item\":\"https:\/\/masajesocp.com\/\"},{\"@type\":\"ListItem\",\"position\":2,\"name\":\"Masaje Exclusivo En Villas de Lujo Tenerife\"}]},{\"@type\":\"WebSite\",\"@id\":\"https:\/\/masajesocp.com\/#website\",\"url\":\"https:\/\/masajesocp.com\/\",\"name\":\"Masajes Ocp\",\"description\":\"Masajes\",\"publisher\":{\"@id\":\"https:\/\/masajesocp.com\/#organization\"},\"potentialAction\":[{\"@type\":\"SearchAction\",\"target\":{\"@type\":\"EntryPoint\",\"urlTemplate\":\"https:\/\/masajesocp.com\/?s={search_term_string}\"},\"query-input\":{\"@type\":\"PropertyValueSpecification\",\"valueRequired\":true,\"valueName\":\"search_term_string\"}}],\"inLanguage\":\"es\"},{\"@type\":\"Organization\",\"@id\":\"https:\/\/masajesocp.com\/#organization\",\"name\":\"Masajes Ocp\",\"url\":\"https:\/\/masajesocp.com\/\",\"logo\":{\"@type\":\"ImageObject\",\"inLanguage\":\"es\",\"@id\":\"https:\/\/masajesocp.com\/#\/schema\/logo\/image\/\",\"url\":\"https:\/\/masajesocp.com\/wp-content\/uploads\/2025\/06\/Polish_20250603_231518752.jpg\",\"contentUrl\":\"https:\/\/masajesocp.com\/wp-content\/uploads\/2025\/06\/Polish_20250603_231518752.jpg\",\"width\":2346,\"height\":2492,\"caption\":\"Masajes Ocp\"},\"image\":{\"@id\":\"https:\/\/masajesocp.com\/#\/schema\/logo\/image\/\"}}]}<\/script>\n<!-- \/ Yoast SEO plugin. -->","yoast_head_json":{"title":"Masaje Exclusivo En Villas de Lujo Tenerife - Masajes Ocp","robots":{"index":"index","follow":"follow","max-snippet":"max-snippet:-1","max-image-preview":"max-image-preview:large","max-video-preview":"max-video-preview:-1"},"canonical":"https:\/\/masajesocp.com\/index.php\/masaje-exclusivo-en-villas-de-lujo-tenerife\/","og_locale":"es_ES","og_type":"article","og_title":"Masaje Exclusivo En Villas de Lujo Tenerife - Masajes Ocp","og_description":"Masajes de Lujo en Villas de Tenerife: Tu Refugio de Bienestar Tenerife, con su clima c\u00e1lido, paisajes impresionantes y una amplia oferta de alojamientos de lujo, es el destino ideal para desconectar y recargar energ\u00edas. Y qu\u00e9 mejor manera de hacerlo que con un Masaje en la privacidad de una villa exclusiva. La Experiencia \u00danica [&hellip;]","og_url":"https:\/\/masajesocp.com\/index.php\/masaje-exclusivo-en-villas-de-lujo-tenerife\/","og_site_name":"Masajes Ocp","article_modified_time":"2024-10-08T15:52:28+00:00","og_image":[{"width":1920,"height":1256,"url":"https:\/\/masajesocp.com\/wp-content\/uploads\/2024\/10\/villas-de-lujo-5.jpg","type":"image\/jpeg"}],"twitter_card":"summary_large_image","twitter_misc":{"Tiempo de lectura":"4 minutos"},"schema":{"@context":"https:\/\/schema.org","@graph":[{"@type":"WebPage","@id":"https:\/\/masajesocp.com\/index.php\/masaje-exclusivo-en-villas-de-lujo-tenerife\/","url":"https:\/\/masajesocp.com\/index.php\/masaje-exclusivo-en-villas-de-lujo-tenerife\/","name":"Masaje Exclusivo En Villas de Lujo Tenerife - Masajes Ocp","isPartOf":{"@id":"https:\/\/masajesocp.com\/#website"},"primaryImageOfPage":{"@id":"https:\/\/masajesocp.com\/index.php\/masaje-exclusivo-en-villas-de-lujo-tenerife\/#primaryimage"},"image":{"@id":"https:\/\/masajesocp.com\/index.php\/masaje-exclusivo-en-villas-de-lujo-tenerife\/#primaryimage"},"thumbnailUrl":"https:\/\/masajesocp.com\/wp-content\/uploads\/2024\/10\/villas-de-lujo-5.jpg","datePublished":"2024-10-08T09:45:57+00:00","dateModified":"2024-10-08T15:52:28+00:00","breadcrumb":{"@id":"https:\/\/masajesocp.com\/index.php\/masaje-exclusivo-en-villas-de-lujo-tenerife\/#breadcrumb"},"inLanguage":"es","potentialAction":[{"@type":"ReadAction","target":["https:\/\/masajesocp.com\/index.php\/masaje-exclusivo-en-villas-de-lujo-tenerife\/"]}]},{"@type":"ImageObject","inLanguage":"es","@id":"https:\/\/masajesocp.com\/index.php\/masaje-exclusivo-en-villas-de-lujo-tenerife\/#primaryimage","url":"https:\/\/masajesocp.com\/wp-content\/uploads\/2024\/10\/villas-de-lujo-5.jpg","contentUrl":"https:\/\/masajesocp.com\/wp-content\/uploads\/2024\/10\/villas-de-lujo-5.jpg","width":1920,"height":1256},{"@type":"BreadcrumbList","@id":"https:\/\/masajesocp.com\/index.php\/masaje-exclusivo-en-villas-de-lujo-tenerife\/#breadcrumb","itemListElement":[{"@type":"ListItem","position":1,"name":"Portada","item":"https:\/\/masajesocp.com\/"},{"@type":"ListItem","position":2,"name":"Masaje Exclusivo En Villas de Lujo Tenerife"}]},{"@type":"WebSite","@id":"https:\/\/masajesocp.com\/#website","url":"https:\/\/masajesocp.com\/","name":"Masajes Ocp","description":"Masajes","publisher":{"@id":"https:\/\/masajesocp.com\/#organization"},"potentialAction":[{"@type":"SearchAction","target":{"@type":"EntryPoint","urlTemplate":"https:\/\/masajesocp.com\/?s={search_term_string}"},"query-input":{"@type":"PropertyValueSpecification","valueRequired":true,"valueName":"search_term_string"}}],"inLanguage":"es"},{"@type":"Organization","@id":"https:\/\/masajesocp.com\/#organization","name":"Masajes Ocp","url":"https:\/\/masajesocp.com\/","logo":{"@type":"ImageObject","inLanguage":"es","@id":"https:\/\/masajesocp.com\/#\/schema\/logo\/image\/","url":"https:\/\/masajesocp.com\/wp-content\/uploads\/2025\/06\/Polish_20250603_231518752.jpg","contentUrl":"https:\/\/masajesocp.com\/wp-content\/uploads\/2025\/06\/Polish_20250603_231518752.jpg","width":2346,"height":2492,"caption":"Masajes Ocp"},"image":{"@id":"https:\/\/masajesocp.com\/#\/schema\/logo\/image\/"}}]}},"_links":{"self":[{"href":"https:\/\/masajesocp.com\/index.php\/wp-json\/wp\/v2\/pages\/2203","targetHints":{"allow":["GET"]}}],"collection":[{"href":"https:\/\/masajesocp.com\/index.php\/wp-json\/wp\/v2\/pages"}],"about":[{"href":"https:\/\/masajesocp.com\/index.php\/wp-json\/wp\/v2\/types\/page"}],"author":[{"embeddable":true,"href":"https:\/\/masajesocp.com\/index.php\/wp-json\/wp\/v2\/users\/1"}],"replies":[{"embeddable":true,"href":"https:\/\/masajesocp.com\/index.php\/wp-json\/wp\/v2\/comments?post=2203"}],"version-history":[{"count":7,"href":"https:\/\/masajesocp.com\/index.php\/wp-json\/wp\/v2\/pages\/2203\/revisions"}],"predecessor-version":[{"id":2220,"href":"https:\/\/masajesocp.com\/index.php\/wp-json\/wp\/v2\/pages\/2203\/revisions\/2220"}],"wp:featuredmedia":[{"embeddable":true,"href":"https:\/\/masajesocp.com\/index.php\/wp-json\/wp\/v2\/media\/2216"}],"wp:attachment":[{"href":"https:\/\/masajesocp.com\/index.php\/wp-json\/wp\/v2\/media?parent=2203"}],"curies":[{"name":"wp","href":"https:\/\/api.w.org\/{rel}","templated":true}]}}