{"id":778,"date":"2024-03-16T23:40:16","date_gmt":"2024-03-16T23:40:16","guid":{"rendered":"https:\/\/masajesocp.com\/?page_id=778"},"modified":"2024-10-19T19:05:19","modified_gmt":"2024-10-19T18:05:19","slug":"masaje-lumbalgia","status":"publish","type":"page","link":"https:\/\/masajesocp.com\/index.php\/masaje-lumbalgia\/","title":{"rendered":"Masaje Lumbalgia"},"content":{"rendered":"\n<p class=\"has-palette-color-4-color has-text-color has-link-color wp-elements-1115d9cbf3cbe4120a23467235fa1a5d\" style=\"font-size:clamp(16.293px, 1.018rem + ((1vw - 3.2px) * 0.68), 25px);\">Masaje Terap\u00e9utico para Aliviar la Lumbalgia: T\u00e9cnicas y Beneficios<\/p>\n\n\n\n<figure class=\"wp-block-image aligncenter size-large\"><img loading=\"lazy\" decoding=\"async\" width=\"1024\" height=\"576\" src=\"https:\/\/masajesocp.com\/wp-content\/uploads\/2024\/03\/masaje-lumbar-1024x576.webp\" alt=\"\" class=\"wp-image-795\" srcset=\"https:\/\/masajesocp.com\/wp-content\/uploads\/2024\/03\/masaje-lumbar-1024x576.webp 1024w, https:\/\/masajesocp.com\/wp-content\/uploads\/2024\/03\/masaje-lumbar-300x169.webp 300w, https:\/\/masajesocp.com\/wp-content\/uploads\/2024\/03\/masaje-lumbar-768x432.webp 768w, https:\/\/masajesocp.com\/wp-content\/uploads\/2024\/03\/masaje-lumbar-1536x864.webp 1536w, https:\/\/masajesocp.com\/wp-content\/uploads\/2024\/03\/masaje-lumbar.webp 1706w\" sizes=\"auto, (max-width: 1024px) 100vw, 1024px\" \/><\/figure>\n\n\n\n<p class=\"has-palette-color-4-color has-text-color has-link-color wp-elements-449cc6ac12ee815aa525f5771cd132a6\" style=\"font-size:clamp(16.293px, 1.018rem + ((1vw - 3.2px) * 0.68), 25px);\"><strong>Introducci\u00f3n:<\/strong><br>La lumbalgia, o dolor en la parte baja de la espalda, es una afecci\u00f3n com\u00fan que puede afectar la calidad de vida de las personas. El masaje terap\u00e9utico se ha establecido como una opci\u00f3n efectiva para aliviar este tipo de dolor, ofreciendo beneficios tanto f\u00edsicos como emocionales. Este art\u00edculo explora las t\u00e9cnicas espec\u00edficas de masaje para la lumbalgia y sus beneficios en el tratamiento de esta condici\u00f3n.<\/p>\n\n\n\n<p class=\"has-palette-color-4-color has-text-color has-link-color wp-elements-a31900164684f5779c14b6fbb7324873\" style=\"font-size:clamp(16.293px, 1.018rem + ((1vw - 3.2px) * 0.68), 25px);\"><strong>T\u00e9cnicas de Masaje para la Lumbalgia:<\/strong><\/p>\n\n\n\n<p class=\"has-palette-color-4-color has-text-color has-link-color wp-elements-8bb01f8fb4df76a167dded6e107801bb\" style=\"font-size:clamp(16.293px, 1.018rem + ((1vw - 3.2px) * 0.68), 25px);\"><strong>Masaje Profundo de Tejido:<\/strong> Esta t\u00e9cnica se centra en aplicar presi\u00f3n profunda y directa sobre los m\u00fasculos lumbares y las \u00e1reas circundantes para liberar la tensi\u00f3n y los nudos musculares que pueden estar contribuyendo al dolor.<\/p>\n\n\n\n<p class=\"has-palette-color-4-color has-text-color has-link-color wp-elements-7d63aa1b18aca06611409f828ea35425\" style=\"font-size:clamp(16.293px, 1.018rem + ((1vw - 3.2px) * 0.68), 25px);\"><strong>T\u00e9cnicas de Liberaci\u00f3n Miofascial:<\/strong> Estas t\u00e9cnicas se utilizan para liberar las adherencias en la fascia que pueden estar causando restricciones en el movimiento y contribuyendo al dolor lumbar.<\/p>\n\n\n\n<p class=\"has-palette-color-4-color has-text-color has-link-color wp-elements-1c397e8effab66d234baedd8ea5071d9\" style=\"font-size:clamp(16.293px, 1.018rem + ((1vw - 3.2px) * 0.68), 25px);\"><strong>Masaje con Calor:<\/strong> La aplicaci\u00f3n de calor durante el masaje puede ayudar a relajar los m\u00fasculos lumbares y aumentar la circulaci\u00f3n sangu\u00ednea, lo que puede reducir la inflamaci\u00f3n y aliviar el dolor.<\/p>\n\n\n\n<p class=\"has-palette-color-4-color has-text-color has-link-color wp-elements-6f86f039d0448a4d5690f37e34ea9d84\" style=\"font-size:clamp(16.293px, 1.018rem + ((1vw - 3.2px) * 0.68), 25px);\"><strong>Masaje de Puntos de Activaci\u00f3n:<\/strong> Se aplican t\u00e9cnicas de presi\u00f3n en puntos espec\u00edficos del cuerpo que pueden estar relacionados con el dolor lumbar, lo que ayuda a liberar la tensi\u00f3n y mejorar la funci\u00f3n muscular.<\/p>\n\n\n\n<figure class=\"wp-block-image alignwide size-large\"><img loading=\"lazy\" decoding=\"async\" width=\"1024\" height=\"443\" src=\"https:\/\/masajesocp.com\/wp-content\/uploads\/2024\/03\/masaje-lumbalgia-2-1024x443.jpeg\" alt=\"\" class=\"wp-image-800\" srcset=\"https:\/\/masajesocp.com\/wp-content\/uploads\/2024\/03\/masaje-lumbalgia-2-1024x443.jpeg 1024w, https:\/\/masajesocp.com\/wp-content\/uploads\/2024\/03\/masaje-lumbalgia-2-300x130.jpeg 300w, https:\/\/masajesocp.com\/wp-content\/uploads\/2024\/03\/masaje-lumbalgia-2-768x332.jpeg 768w, https:\/\/masajesocp.com\/wp-content\/uploads\/2024\/03\/masaje-lumbalgia-2.jpeg 1180w\" sizes=\"auto, (max-width: 1024px) 100vw, 1024px\" \/><\/figure>\n\n\n\n<p class=\"has-palette-color-4-color has-text-color has-link-color wp-elements-4dde950f398e9a3ab5cd32ce8b10f4f0\" style=\"font-size:clamp(21.027px, 1.314rem + ((1vw - 3.2px) * 1.014), 34px);\"><strong>Beneficios del Masaje para la Lumbalgia:<\/strong><\/p>\n\n\n\n<p class=\"has-palette-color-4-color has-text-color has-link-color wp-elements-68520ec90bef4d7365264d1c9c44c0c9\" style=\"font-size:clamp(16.293px, 1.018rem + ((1vw - 3.2px) * 0.68), 25px);\"><strong>Alivio del Dolor:<\/strong> El masaje terap\u00e9utico puede ayudar a reducir la intensidad y la frecuencia del dolor lumbar al relajar los m\u00fasculos tensos y mejorar la circulaci\u00f3n sangu\u00ednea.<\/p>\n\n\n\n<p class=\"has-palette-color-4-color has-text-color has-link-color wp-elements-55dec427068e655066731f99709ad09e\" style=\"font-size:clamp(16.293px, 1.018rem + ((1vw - 3.2px) * 0.68), 25px);\"><strong>Reducci\u00f3n del Estr\u00e9s:<\/strong> El masaje terap\u00e9utico promueve la relajaci\u00f3n y ayuda a reducir los niveles de estr\u00e9s y ansiedad, lo que puede contribuir a una disminuci\u00f3n del dolor lumbar relacionado con el estr\u00e9s.<\/p>\n\n\n\n<p class=\"has-palette-color-4-color has-text-color has-link-color wp-elements-0c25b506299924fd5238eb6e2163883b\" style=\"font-size:clamp(16.293px, 1.018rem + ((1vw - 3.2px) * 0.68), 25px);\"><strong>Mejora de la Postura:<\/strong> Al liberar la tensi\u00f3n muscular y mejorar la flexibilidad, el masaje puede ayudar a corregir desequilibrios musculares y mejorar la alineaci\u00f3n de la columna vertebral, lo que puede reducir la presi\u00f3n sobre los m\u00fasculos lumbares.<\/p>\n\n\n\n<p class=\"has-palette-color-4-color has-text-color has-link-color wp-elements-53d75155ea840a5cb863118854e92fb3\" style=\"font-size:clamp(16.293px, 1.018rem + ((1vw - 3.2px) * 0.68), 25px);\"><strong>Promoci\u00f3n del Bienestar General:<\/strong> Adem\u00e1s de los beneficios f\u00edsicos, el masaje terap\u00e9utico puede promover una sensaci\u00f3n general de bienestar y relajaci\u00f3n, lo que puede mejorar la calidad de vida de las personas que sufren de dolor lumbar cr\u00f3nico.<\/p>\n\n\n\n<figure class=\"wp-block-image aligncenter size-large\"><img loading=\"lazy\" decoding=\"async\" width=\"1024\" height=\"684\" src=\"https:\/\/masajesocp.com\/wp-content\/uploads\/2024\/03\/masaje-lumbalgia-2-1024x684.jpg\" alt=\"\" class=\"wp-image-802\" srcset=\"https:\/\/masajesocp.com\/wp-content\/uploads\/2024\/03\/masaje-lumbalgia-2-1024x684.jpg 1024w, https:\/\/masajesocp.com\/wp-content\/uploads\/2024\/03\/masaje-lumbalgia-2-300x200.jpg 300w, https:\/\/masajesocp.com\/wp-content\/uploads\/2024\/03\/masaje-lumbalgia-2-768x513.jpg 768w, https:\/\/masajesocp.com\/wp-content\/uploads\/2024\/03\/masaje-lumbalgia-2-1536x1026.jpg 1536w, https:\/\/masajesocp.com\/wp-content\/uploads\/2024\/03\/masaje-lumbalgia-2.jpg 1920w\" sizes=\"auto, (max-width: 1024px) 100vw, 1024px\" \/><\/figure>\n\n\n\n<p class=\"has-palette-color-4-color has-text-color has-link-color wp-elements-f01b93420e9ef6414a8741e77cace22f\" style=\"font-size:clamp(16.293px, 1.018rem + ((1vw - 3.2px) * 0.68), 25px);\"><strong>Conclusi\u00f3n:<\/strong><br>El masaje terap\u00e9utico ofrece una opci\u00f3n segura y efectiva para aliviar el dolor lumbar y mejorar la calidad de vida de las personas que sufren de esta afecci\u00f3n. Al combinar t\u00e9cnicas espec\u00edficas de masaje con beneficios f\u00edsicos y emocionales, el masaje para la lumbalgia puede proporcionar un alivio significativo y duradero para aquellos que buscan una soluci\u00f3n no invasiva y hol\u00edstica para su dolor de espalda. <\/p>\n\n\n\n<hr class=\"wp-block-separator has-text-color has-palette-color-4-color has-alpha-channel-opacity has-palette-color-4-background-color has-background is-style-wide\"\/>\n\n\n\n<figure class=\"wp-block-image aligncenter size-full is-resized\"><img loading=\"lazy\" decoding=\"async\" width=\"500\" height=\"500\" src=\"https:\/\/masajesocp.com\/wp-content\/uploads\/2024\/03\/Logo-masaje-transparente-1.png\" alt=\"Logo Masajes Ocp\" class=\"wp-image-1295\" style=\"width:178px;height:auto\" srcset=\"https:\/\/masajesocp.com\/wp-content\/uploads\/2024\/03\/Logo-masaje-transparente-1.png 500w, https:\/\/masajesocp.com\/wp-content\/uploads\/2024\/03\/Logo-masaje-transparente-1-300x300.png 300w, https:\/\/masajesocp.com\/wp-content\/uploads\/2024\/03\/Logo-masaje-transparente-1-150x150.png 150w\" sizes=\"auto, (max-width: 500px) 100vw, 500px\" \/><\/figure>\n\n\n\n<div class=\"wp-block-stackable-button-group stk-block-button-group stk-block stk-5a3372e\" data-block-id=\"5a3372e\"><style>.stk-5a3372e{margin-bottom:38px !important}.stk-5a3372e .stk-inner-blocks{column-gap:20px !important;row-gap:15px !important}@media screen and (max-width:999px){.stk-5a3372e{margin-bottom:0px !important}}<\/style><div class=\"stk-row stk-inner-blocks has-text-align-center stk-block-content stk-button-group\">\n<div class=\"wp-block-stackable-button stk-block-button stk-block stk-6859a84\" data-block-id=\"6859a84\"><style>.stk-6859a84{margin-top:0px !important;margin-right:0px !important;margin-bottom:0px !important;margin-left:0px !important}.stk-6859a84 .stk-button{padding-top:12px !important;padding-right:30px !important;padding-bottom:12px !important;padding-left:30px !important;background:#0693e3 !important;border-top-left-radius:7px !important;border-top-right-radius:7px !important;border-bottom-right-radius:7px !important;border-bottom-left-radius:7px !important}.stk-6859a84 .stk-button:hover:after{background:#3048e6 !important;opacity:1 !important}.stk-6859a84 .stk-button:before{box-shadow:0 5px 5px 0 #123f5209 !important}.stk-6859a84 .stk-button .stk--inner-svg svg:last-child{height:22px !important;width:22px !important}.stk-6859a84 .stk-button .stk--inner-svg svg:last-child,.stk-6859a84 .stk-button .stk--inner-svg svg:last-child :is(g,path,rect,polygon,ellipse){fill:#ffffff !important}<\/style><a class=\"stk-link stk-button stk--hover-effect-darken\" href=\"\/index.php\/contacto\"><span class=\"stk--svg-wrapper\"><div class=\"stk--inner-svg\"><svg xmlns=\"http:\/\/www.w3.org\/2000\/svg\" viewBox=\"0 0 384 512\" aria-hidden=\"true\" width=\"32\" height=\"32\"><path d=\"M64 464c-8.8 0-16-7.2-16-16V64c0-8.8 7.2-16 16-16H224v80c0 17.7 14.3 32 32 32h80V448c0 8.8-7.2 16-16 16H64zM64 0C28.7 0 0 28.7 0 64V448c0 35.3 28.7 64 64 64H320c35.3 0 64-28.7 64-64V154.5c0-17-6.7-33.3-18.7-45.3L274.7 18.7C262.7 6.7 246.5 0 229.5 0H64zm56 256c-13.3 0-24 10.7-24 24s10.7 24 24 24H264c13.3 0 24-10.7 24-24s-10.7-24-24-24H120zm0 96c-13.3 0-24 10.7-24 24s10.7 24 24 24H264c13.3 0 24-10.7 24-24s-10.7-24-24-24H120z\"><\/path><\/svg><\/div><\/span><span class=\"stk-button__inner-text\"><strong>Pide tu Cita<\/strong><\/span><\/a><\/div>\n<\/div><\/div>\n\n\n\n<hr class=\"wp-block-separator has-text-color has-black-color has-alpha-channel-opacity has-black-background-color has-background is-style-wide\"\/>\n","protected":false},"excerpt":{"rendered":"<p>Masaje Terap\u00e9utico para Aliviar la Lumbalgia: T\u00e9cnicas y Beneficios Introducci\u00f3n:La lumbalgia, o dolor en la parte baja de la espalda, es una afecci\u00f3n com\u00fan que puede afectar la calidad de vida de las personas. El masaje terap\u00e9utico se ha establecido como una opci\u00f3n efectiva para aliviar este tipo de dolor, ofreciendo beneficios tanto f\u00edsicos como [&hellip;]<\/p>\n","protected":false},"author":1,"featured_media":806,"parent":0,"menu_order":0,"comment_status":"closed","ping_status":"closed","template":"","meta":{"_joinchat":[],"footnotes":""},"class_list":["post-778","page","type-page","status-publish","has-post-thumbnail","hentry"],"blocksy_meta":[],"yoast_head":"<!-- This site is optimized with the Yoast SEO plugin v27.2 - https:\/\/yoast.com\/product\/yoast-seo-wordpress\/ -->\n<title>Masaje Lumbalgia - Masajes Ocp<\/title>\n<meta name=\"robots\" content=\"index, follow, max-snippet:-1, max-image-preview:large, max-video-preview:-1\" \/>\n<link rel=\"canonical\" href=\"https:\/\/masajesocp.com\/index.php\/masaje-lumbalgia\/\" \/>\n<meta property=\"og:locale\" content=\"es_ES\" \/>\n<meta property=\"og:type\" content=\"article\" \/>\n<meta property=\"og:title\" content=\"Masaje Lumbalgia - Masajes Ocp\" \/>\n<meta property=\"og:description\" content=\"Masaje Terap\u00e9utico para Aliviar la Lumbalgia: T\u00e9cnicas y Beneficios Introducci\u00f3n:La lumbalgia, o dolor en la parte baja de la espalda, es una afecci\u00f3n com\u00fan que puede afectar la calidad de vida de las personas. El masaje terap\u00e9utico se ha establecido como una opci\u00f3n efectiva para aliviar este tipo de dolor, ofreciendo beneficios tanto f\u00edsicos como [&hellip;]\" \/>\n<meta property=\"og:url\" content=\"https:\/\/masajesocp.com\/index.php\/masaje-lumbalgia\/\" \/>\n<meta property=\"og:site_name\" content=\"Masajes Ocp\" \/>\n<meta property=\"article:modified_time\" content=\"2024-10-19T18:05:19+00:00\" \/>\n<meta property=\"og:image\" content=\"https:\/\/masajesocp.com\/wp-content\/uploads\/2024\/03\/masaje-lumbar-portada.jpeg\" \/>\n\t<meta property=\"og:image:width\" content=\"1326\" \/>\n\t<meta property=\"og:image:height\" content=\"449\" \/>\n\t<meta property=\"og:image:type\" content=\"image\/jpeg\" \/>\n<meta name=\"twitter:card\" content=\"summary_large_image\" \/>\n<meta name=\"twitter:label1\" content=\"Tiempo de lectura\" \/>\n\t<meta name=\"twitter:data1\" content=\"3 minutos\" \/>\n<script type=\"application\/ld+json\" class=\"yoast-schema-graph\">{\"@context\":\"https:\/\/schema.org\",\"@graph\":[{\"@type\":\"WebPage\",\"@id\":\"https:\/\/masajesocp.com\/index.php\/masaje-lumbalgia\/\",\"url\":\"https:\/\/masajesocp.com\/index.php\/masaje-lumbalgia\/\",\"name\":\"Masaje Lumbalgia - Masajes Ocp\",\"isPartOf\":{\"@id\":\"https:\/\/masajesocp.com\/#website\"},\"primaryImageOfPage\":{\"@id\":\"https:\/\/masajesocp.com\/index.php\/masaje-lumbalgia\/#primaryimage\"},\"image\":{\"@id\":\"https:\/\/masajesocp.com\/index.php\/masaje-lumbalgia\/#primaryimage\"},\"thumbnailUrl\":\"https:\/\/masajesocp.com\/wp-content\/uploads\/2024\/03\/masaje-lumbar-portada.jpeg\",\"datePublished\":\"2024-03-16T23:40:16+00:00\",\"dateModified\":\"2024-10-19T18:05:19+00:00\",\"breadcrumb\":{\"@id\":\"https:\/\/masajesocp.com\/index.php\/masaje-lumbalgia\/#breadcrumb\"},\"inLanguage\":\"es\",\"potentialAction\":[{\"@type\":\"ReadAction\",\"target\":[\"https:\/\/masajesocp.com\/index.php\/masaje-lumbalgia\/\"]}]},{\"@type\":\"ImageObject\",\"inLanguage\":\"es\",\"@id\":\"https:\/\/masajesocp.com\/index.php\/masaje-lumbalgia\/#primaryimage\",\"url\":\"https:\/\/masajesocp.com\/wp-content\/uploads\/2024\/03\/masaje-lumbar-portada.jpeg\",\"contentUrl\":\"https:\/\/masajesocp.com\/wp-content\/uploads\/2024\/03\/masaje-lumbar-portada.jpeg\",\"width\":1326,\"height\":449},{\"@type\":\"BreadcrumbList\",\"@id\":\"https:\/\/masajesocp.com\/index.php\/masaje-lumbalgia\/#breadcrumb\",\"itemListElement\":[{\"@type\":\"ListItem\",\"position\":1,\"name\":\"Portada\",\"item\":\"https:\/\/masajesocp.com\/\"},{\"@type\":\"ListItem\",\"position\":2,\"name\":\"Masaje Lumbalgia\"}]},{\"@type\":\"WebSite\",\"@id\":\"https:\/\/masajesocp.com\/#website\",\"url\":\"https:\/\/masajesocp.com\/\",\"name\":\"Masajes Ocp\",\"description\":\"Masajes\",\"publisher\":{\"@id\":\"https:\/\/masajesocp.com\/#organization\"},\"potentialAction\":[{\"@type\":\"SearchAction\",\"target\":{\"@type\":\"EntryPoint\",\"urlTemplate\":\"https:\/\/masajesocp.com\/?s={search_term_string}\"},\"query-input\":{\"@type\":\"PropertyValueSpecification\",\"valueRequired\":true,\"valueName\":\"search_term_string\"}}],\"inLanguage\":\"es\"},{\"@type\":\"Organization\",\"@id\":\"https:\/\/masajesocp.com\/#organization\",\"name\":\"Masajes Ocp\",\"url\":\"https:\/\/masajesocp.com\/\",\"logo\":{\"@type\":\"ImageObject\",\"inLanguage\":\"es\",\"@id\":\"https:\/\/masajesocp.com\/#\/schema\/logo\/image\/\",\"url\":\"https:\/\/masajesocp.com\/wp-content\/uploads\/2025\/06\/Polish_20250603_231518752.jpg\",\"contentUrl\":\"https:\/\/masajesocp.com\/wp-content\/uploads\/2025\/06\/Polish_20250603_231518752.jpg\",\"width\":2346,\"height\":2492,\"caption\":\"Masajes Ocp\"},\"image\":{\"@id\":\"https:\/\/masajesocp.com\/#\/schema\/logo\/image\/\"}}]}<\/script>\n<!-- \/ Yoast SEO plugin. -->","yoast_head_json":{"title":"Masaje Lumbalgia - Masajes Ocp","robots":{"index":"index","follow":"follow","max-snippet":"max-snippet:-1","max-image-preview":"max-image-preview:large","max-video-preview":"max-video-preview:-1"},"canonical":"https:\/\/masajesocp.com\/index.php\/masaje-lumbalgia\/","og_locale":"es_ES","og_type":"article","og_title":"Masaje Lumbalgia - Masajes Ocp","og_description":"Masaje Terap\u00e9utico para Aliviar la Lumbalgia: T\u00e9cnicas y Beneficios Introducci\u00f3n:La lumbalgia, o dolor en la parte baja de la espalda, es una afecci\u00f3n com\u00fan que puede afectar la calidad de vida de las personas. El masaje terap\u00e9utico se ha establecido como una opci\u00f3n efectiva para aliviar este tipo de dolor, ofreciendo beneficios tanto f\u00edsicos como [&hellip;]","og_url":"https:\/\/masajesocp.com\/index.php\/masaje-lumbalgia\/","og_site_name":"Masajes Ocp","article_modified_time":"2024-10-19T18:05:19+00:00","og_image":[{"width":1326,"height":449,"url":"https:\/\/masajesocp.com\/wp-content\/uploads\/2024\/03\/masaje-lumbar-portada.jpeg","type":"image\/jpeg"}],"twitter_card":"summary_large_image","twitter_misc":{"Tiempo de lectura":"3 minutos"},"schema":{"@context":"https:\/\/schema.org","@graph":[{"@type":"WebPage","@id":"https:\/\/masajesocp.com\/index.php\/masaje-lumbalgia\/","url":"https:\/\/masajesocp.com\/index.php\/masaje-lumbalgia\/","name":"Masaje Lumbalgia - Masajes Ocp","isPartOf":{"@id":"https:\/\/masajesocp.com\/#website"},"primaryImageOfPage":{"@id":"https:\/\/masajesocp.com\/index.php\/masaje-lumbalgia\/#primaryimage"},"image":{"@id":"https:\/\/masajesocp.com\/index.php\/masaje-lumbalgia\/#primaryimage"},"thumbnailUrl":"https:\/\/masajesocp.com\/wp-content\/uploads\/2024\/03\/masaje-lumbar-portada.jpeg","datePublished":"2024-03-16T23:40:16+00:00","dateModified":"2024-10-19T18:05:19+00:00","breadcrumb":{"@id":"https:\/\/masajesocp.com\/index.php\/masaje-lumbalgia\/#breadcrumb"},"inLanguage":"es","potentialAction":[{"@type":"ReadAction","target":["https:\/\/masajesocp.com\/index.php\/masaje-lumbalgia\/"]}]},{"@type":"ImageObject","inLanguage":"es","@id":"https:\/\/masajesocp.com\/index.php\/masaje-lumbalgia\/#primaryimage","url":"https:\/\/masajesocp.com\/wp-content\/uploads\/2024\/03\/masaje-lumbar-portada.jpeg","contentUrl":"https:\/\/masajesocp.com\/wp-content\/uploads\/2024\/03\/masaje-lumbar-portada.jpeg","width":1326,"height":449},{"@type":"BreadcrumbList","@id":"https:\/\/masajesocp.com\/index.php\/masaje-lumbalgia\/#breadcrumb","itemListElement":[{"@type":"ListItem","position":1,"name":"Portada","item":"https:\/\/masajesocp.com\/"},{"@type":"ListItem","position":2,"name":"Masaje Lumbalgia"}]},{"@type":"WebSite","@id":"https:\/\/masajesocp.com\/#website","url":"https:\/\/masajesocp.com\/","name":"Masajes Ocp","description":"Masajes","publisher":{"@id":"https:\/\/masajesocp.com\/#organization"},"potentialAction":[{"@type":"SearchAction","target":{"@type":"EntryPoint","urlTemplate":"https:\/\/masajesocp.com\/?s={search_term_string}"},"query-input":{"@type":"PropertyValueSpecification","valueRequired":true,"valueName":"search_term_string"}}],"inLanguage":"es"},{"@type":"Organization","@id":"https:\/\/masajesocp.com\/#organization","name":"Masajes Ocp","url":"https:\/\/masajesocp.com\/","logo":{"@type":"ImageObject","inLanguage":"es","@id":"https:\/\/masajesocp.com\/#\/schema\/logo\/image\/","url":"https:\/\/masajesocp.com\/wp-content\/uploads\/2025\/06\/Polish_20250603_231518752.jpg","contentUrl":"https:\/\/masajesocp.com\/wp-content\/uploads\/2025\/06\/Polish_20250603_231518752.jpg","width":2346,"height":2492,"caption":"Masajes Ocp"},"image":{"@id":"https:\/\/masajesocp.com\/#\/schema\/logo\/image\/"}}]}},"_links":{"self":[{"href":"https:\/\/masajesocp.com\/index.php\/wp-json\/wp\/v2\/pages\/778","targetHints":{"allow":["GET"]}}],"collection":[{"href":"https:\/\/masajesocp.com\/index.php\/wp-json\/wp\/v2\/pages"}],"about":[{"href":"https:\/\/masajesocp.com\/index.php\/wp-json\/wp\/v2\/types\/page"}],"author":[{"embeddable":true,"href":"https:\/\/masajesocp.com\/index.php\/wp-json\/wp\/v2\/users\/1"}],"replies":[{"embeddable":true,"href":"https:\/\/masajesocp.com\/index.php\/wp-json\/wp\/v2\/comments?post=778"}],"version-history":[{"count":13,"href":"https:\/\/masajesocp.com\/index.php\/wp-json\/wp\/v2\/pages\/778\/revisions"}],"predecessor-version":[{"id":1492,"href":"https:\/\/masajesocp.com\/index.php\/wp-json\/wp\/v2\/pages\/778\/revisions\/1492"}],"wp:featuredmedia":[{"embeddable":true,"href":"https:\/\/masajesocp.com\/index.php\/wp-json\/wp\/v2\/media\/806"}],"wp:attachment":[{"href":"https:\/\/masajesocp.com\/index.php\/wp-json\/wp\/v2\/media?parent=778"}],"curies":[{"name":"wp","href":"https:\/\/api.w.org\/{rel}","templated":true}]}}