{"id":930,"date":"2024-03-17T21:50:56","date_gmt":"2024-03-17T21:50:56","guid":{"rendered":"https:\/\/masajesocp.com\/?page_id=930"},"modified":"2025-10-18T16:47:23","modified_gmt":"2025-10-18T15:47:23","slug":"masaje-drenaje-linfatico","status":"publish","type":"page","link":"https:\/\/masajesocp.com\/index.php\/masaje-drenaje-linfatico\/","title":{"rendered":"Masaje Drenaje Linf\u00e1tico"},"content":{"rendered":"\n<p class=\"has-black-color has-text-color has-link-color wp-elements-72c3ddac45c6b80be5058035d0f2de02\" style=\"font-size:clamp(16.293px, 1.018rem + ((1vw - 3.2px) * 0.68), 25px);\">El masaje linf\u00e1tico es una t\u00e9cnica terap\u00e9utica que se enfoca en estimular el sistema linf\u00e1tico para mejorar la circulaci\u00f3n y la eliminaci\u00f3n de toxinas, desechos metab\u00f3licos del cuerpo, y reduce la retenci\u00f3n de l\u00edquidos. El sistema linf\u00e1tico es una red de vasos y ganglios linf\u00e1ticos que se encarga de transportar la linfa, un l\u00edquido transparente que contiene gl\u00f3bulos blancos y otras sustancias importantes para el sistema inmunol\u00f3gico.<\/p>\n\n\n\n<figure class=\"wp-block-image aligncenter size-large is-resized\"><img loading=\"lazy\" decoding=\"async\" width=\"1024\" height=\"427\" src=\"https:\/\/masajesocp.com\/wp-content\/uploads\/2024\/03\/masaje-drenaje-linfatico-4-1024x427.webp\" alt=\"\" class=\"wp-image-931\" style=\"width:1110px;height:auto\" srcset=\"https:\/\/masajesocp.com\/wp-content\/uploads\/2024\/03\/masaje-drenaje-linfatico-4-1024x427.webp 1024w, https:\/\/masajesocp.com\/wp-content\/uploads\/2024\/03\/masaje-drenaje-linfatico-4-300x125.webp 300w, https:\/\/masajesocp.com\/wp-content\/uploads\/2024\/03\/masaje-drenaje-linfatico-4-768x320.webp 768w, https:\/\/masajesocp.com\/wp-content\/uploads\/2024\/03\/masaje-drenaje-linfatico-4.webp 1200w\" sizes=\"auto, (max-width: 1024px) 100vw, 1024px\" \/><\/figure>\n\n\n\n<figure class=\"wp-block-image alignright size-full\"><img loading=\"lazy\" decoding=\"async\" width=\"300\" height=\"199\" src=\"https:\/\/masajesocp.com\/wp-content\/uploads\/2024\/03\/masaje-drenaje-linfatico-6.jpeg\" alt=\"\" class=\"wp-image-935\"\/><\/figure>\n\n\n\n<p class=\"has-black-color has-text-color has-link-color wp-elements-956f6e1395b3c30e141b7d83db832176\" style=\"font-size:clamp(16.293px, 1.018rem + ((1vw - 3.2px) * 0.68), 25px);\">El masaje linf\u00e1tico se realiza con movimientos suaves, r\u00edtmicos y ligeros que siguen el curso de los vasos linf\u00e1ticos, lo que ayuda a movilizar la linfa y facilitar su drenaje hacia los ganglios linf\u00e1ticos, donde se filtra y se eliminan las toxinas. Aqu\u00ed hay algunos aspectos importantes sobre el masaje linf\u00e1tico:<\/p>\n\n\n\n<p class=\"has-black-color has-text-color has-link-color wp-elements-7a4c1bdde438909533a0eb37b4f1671e\" style=\"font-size:clamp(16.293px, 1.018rem + ((1vw - 3.2px) * 0.68), 25px);\"><strong>Estimulaci\u00f3n del sistema linf\u00e1tico:<\/strong> El masaje linf\u00e1tico estimula el flujo de la linfa a trav\u00e9s del sistema linf\u00e1tico, lo que ayuda a eliminar el exceso de l\u00edquido, las toxinas y los desechos metab\u00f3licos del cuerpo. Esto puede ser especialmente beneficioso para personas que experimentan retenci\u00f3n de l\u00edquidos, hinchaz\u00f3n o edema.<\/p>\n\n\n\n<figure class=\"wp-block-image aligncenter size-large is-resized\"><img loading=\"lazy\" decoding=\"async\" width=\"1024\" height=\"640\" src=\"https:\/\/masajesocp.com\/wp-content\/uploads\/2024\/03\/masaje-drenaje-linfatico-3-1024x640.jpeg\" alt=\"\" class=\"wp-image-932\" style=\"width:944px;height:auto\" srcset=\"https:\/\/masajesocp.com\/wp-content\/uploads\/2024\/03\/masaje-drenaje-linfatico-3-1024x640.jpeg 1024w, https:\/\/masajesocp.com\/wp-content\/uploads\/2024\/03\/masaje-drenaje-linfatico-3-300x188.jpeg 300w, https:\/\/masajesocp.com\/wp-content\/uploads\/2024\/03\/masaje-drenaje-linfatico-3-768x480.jpeg 768w, https:\/\/masajesocp.com\/wp-content\/uploads\/2024\/03\/masaje-drenaje-linfatico-3.jpeg 1200w\" sizes=\"auto, (max-width: 1024px) 100vw, 1024px\" \/><\/figure>\n\n\n\n<p class=\"has-black-color has-text-color has-link-color wp-elements-95ce2d27c945ba04b2c3fc79136642da\" style=\"font-size:clamp(16.293px, 1.018rem + ((1vw - 3.2px) * 0.68), 25px);\"><strong>Desintoxicaci\u00f3n del cuerpo:<\/strong> Al mejorar la circulaci\u00f3n linf\u00e1tica y facilitar la eliminaci\u00f3n de toxinas, el masaje linf\u00e1tico puede ayudar a desintoxicar el cuerpo y a promover una mayor sensaci\u00f3n de bienestar y vitalidad. Esto puede ser \u00fatil para personas que buscan mejorar su salud en general o que desean apoyar su sistema inmunol\u00f3gico.<\/p>\n\n\n\n<p class=\"has-black-color has-text-color has-link-color wp-elements-21712207e8f9d793147ac89100e781f8\" style=\"font-size:clamp(16.293px, 1.018rem + ((1vw - 3.2px) * 0.68), 25px);\"><strong>Reducci\u00f3n de la inflamaci\u00f3n:<\/strong> El masaje linf\u00e1tico puede ayudar a reducir la inflamaci\u00f3n al disminuir la acumulaci\u00f3n de l\u00edquido intersticial y aliviar la presi\u00f3n sobre los tejidos inflamados. Esto puede ser beneficioso para personas que sufren de condiciones inflamatorias cr\u00f3nicas, como artritis, fibromialgia o linfedema.<\/p>\n\n\n\n<figure class=\"wp-block-image aligncenter size-full is-resized\"><img loading=\"lazy\" decoding=\"async\" width=\"800\" height=\"420\" src=\"https:\/\/masajesocp.com\/wp-content\/uploads\/2024\/03\/masaje-drenaje-linfatico-2.png\" alt=\"\" class=\"wp-image-933\" style=\"width:1048px;height:auto\" srcset=\"https:\/\/masajesocp.com\/wp-content\/uploads\/2024\/03\/masaje-drenaje-linfatico-2.png 800w, https:\/\/masajesocp.com\/wp-content\/uploads\/2024\/03\/masaje-drenaje-linfatico-2-300x158.png 300w, https:\/\/masajesocp.com\/wp-content\/uploads\/2024\/03\/masaje-drenaje-linfatico-2-768x403.png 768w\" sizes=\"auto, (max-width: 800px) 100vw, 800px\" \/><\/figure>\n\n\n\n<p class=\"has-black-color has-text-color has-link-color wp-elements-6d9f234b12d6996b319aa18fdc8e7cbc\" style=\"font-size:clamp(16.293px, 1.018rem + ((1vw - 3.2px) * 0.68), 25px);\"><strong>Mejora de la circulaci\u00f3n sangu\u00ednea:<\/strong> Aunque el masaje linf\u00e1tico se enfoca principalmente en el sistema linf\u00e1tico, tambi\u00e9n puede mejorar la circulaci\u00f3n sangu\u00ednea al aumentar el flujo de sangre hacia los tejidos y \u00f3rganos del cuerpo. Esto puede ayudar a mejorar la entrega de nutrientes y ox\u00edgeno a las c\u00e9lulas, as\u00ed como a promover la cicatrizaci\u00f3n y la recuperaci\u00f3n de los tejidos lesionados.<\/p>\n\n\n\n<figure class=\"wp-block-image alignright size-full\"><img loading=\"lazy\" decoding=\"async\" width=\"480\" height=\"270\" src=\"https:\/\/masajesocp.com\/wp-content\/uploads\/2024\/03\/masaje-drenaje-linfatico-5.jpeg\" alt=\"\" class=\"wp-image-934\" srcset=\"https:\/\/masajesocp.com\/wp-content\/uploads\/2024\/03\/masaje-drenaje-linfatico-5.jpeg 480w, https:\/\/masajesocp.com\/wp-content\/uploads\/2024\/03\/masaje-drenaje-linfatico-5-300x169.jpeg 300w\" sizes=\"auto, (max-width: 480px) 100vw, 480px\" \/><\/figure>\n\n\n\n<p class=\"has-black-color has-text-color has-link-color wp-elements-782bc255f72044306caf986d4379601e\" style=\"font-size:clamp(16.293px, 1.018rem + ((1vw - 3.2px) * 0.68), 25px);\"><strong>Relajaci\u00f3n y alivio del estr\u00e9s:<\/strong> Adem\u00e1s de sus beneficios f\u00edsicos, el masaje linf\u00e1tico tambi\u00e9n puede tener beneficios emocionales y mentales al promover la relajaci\u00f3n, aliviar el estr\u00e9s y mejorar el estado de \u00e1nimo. Los movimientos suaves y r\u00edtmicos del masaje pueden inducir una sensaci\u00f3n de calma y bienestar, lo que puede ser especialmente \u00fatil para personas que buscan reducir el estr\u00e9s y la ansiedad.<\/p>\n\n\n\n<figure class=\"wp-block-image size-full\"><img loading=\"lazy\" decoding=\"async\" width=\"960\" height=\"500\" src=\"https:\/\/masajesocp.com\/wp-content\/uploads\/2024\/03\/masaje-drenaje-linfatico.jpeg\" alt=\"\" class=\"wp-image-936\" srcset=\"https:\/\/masajesocp.com\/wp-content\/uploads\/2024\/03\/masaje-drenaje-linfatico.jpeg 960w, https:\/\/masajesocp.com\/wp-content\/uploads\/2024\/03\/masaje-drenaje-linfatico-300x156.jpeg 300w, https:\/\/masajesocp.com\/wp-content\/uploads\/2024\/03\/masaje-drenaje-linfatico-768x400.jpeg 768w\" sizes=\"auto, (max-width: 960px) 100vw, 960px\" \/><\/figure>\n\n\n\n<p class=\"has-black-color has-text-color has-link-color wp-elements-dc451b095d1717d0782424d88417fc44\" style=\"font-size:clamp(16.293px, 1.018rem + ((1vw - 3.2px) * 0.68), 25px);\">El masaje linf\u00e1tico puede ser beneficioso para una amplia gama de personas, incluyendo aquellas que buscan mejorar su salud en general, aliviar el dolor y la inflamaci\u00f3n, reducir la retenci\u00f3n de l\u00edquidos o promover la recuperaci\u00f3n despu\u00e9s de una cirug\u00eda o lesi\u00f3n. Es importante recibir el masaje linf\u00e1tico de un terapeuta calificado y experimentado que comprenda las t\u00e9cnicas adecuadas y pueda adaptar el tratamiento a las necesidades espec\u00edficas de cada individuo.<\/p>\n\n\n\n<hr class=\"wp-block-separator has-text-color has-black-color has-alpha-channel-opacity has-black-background-color has-background is-style-wide\"\/>\n\n\n\n<figure class=\"wp-block-embed is-type-video is-provider-youtube wp-block-embed-youtube wp-embed-aspect-16-9 wp-has-aspect-ratio\"><div class=\"wp-block-embed__wrapper\">\n<iframe loading=\"lazy\" title=\"DRENAJE LINF\u00c1TICO para PIERNAS \ud83e\uddb5 | MASAJE ANTI-CELULITIS, VARICES y PIERNAS CANSADAS \ud83d\ude4c\" width=\"1293\" height=\"727\" src=\"https:\/\/www.youtube.com\/embed\/xSioKPntMuM?start=538&#038;feature=oembed\" frameborder=\"0\" allow=\"accelerometer; autoplay; clipboard-write; encrypted-media; gyroscope; picture-in-picture; web-share\" referrerpolicy=\"strict-origin-when-cross-origin\" allowfullscreen><\/iframe>\n<\/div><figcaption class=\"wp-element-caption\"><strong>V\u00eddeo Masaje Linf\u00e1tico<\/strong><\/figcaption><\/figure>\n\n\n\n<p class=\"has-black-color has-text-color has-link-color wp-elements-c95dd17dbfd2934c05ac3d3757aab37f\">V\u00eddeo explicativo masaje linf\u00e1tico&#8230; V\u00eddeo recopilado del canal YouTube &#8211; <strong>Templo del Masaje<\/strong><\/p>\n\n\n\n<hr class=\"wp-block-separator has-text-color has-vivid-purple-color has-alpha-channel-opacity has-vivid-purple-background-color has-background is-style-wide\"\/>\n\n\n\n<figure class=\"wp-block-image aligncenter size-full is-resized\"><img loading=\"lazy\" decoding=\"async\" width=\"2346\" height=\"2492\" src=\"https:\/\/masajesocp.com\/wp-content\/uploads\/2025\/10\/Polish_20250603_231518752.jpg\" alt=\"\" class=\"wp-image-2722\" style=\"width:178px;height:auto\" srcset=\"https:\/\/masajesocp.com\/wp-content\/uploads\/2025\/10\/Polish_20250603_231518752.jpg 2346w, https:\/\/masajesocp.com\/wp-content\/uploads\/2025\/10\/Polish_20250603_231518752-282x300.jpg 282w, https:\/\/masajesocp.com\/wp-content\/uploads\/2025\/10\/Polish_20250603_231518752-964x1024.jpg 964w, https:\/\/masajesocp.com\/wp-content\/uploads\/2025\/10\/Polish_20250603_231518752-768x816.jpg 768w, https:\/\/masajesocp.com\/wp-content\/uploads\/2025\/10\/Polish_20250603_231518752-1446x1536.jpg 1446w, https:\/\/masajesocp.com\/wp-content\/uploads\/2025\/10\/Polish_20250603_231518752-1928x2048.jpg 1928w\" sizes=\"auto, (max-width: 2346px) 100vw, 2346px\" \/><\/figure>\n\n\n\n<div class=\"wp-block-stackable-button-group stk-block-button-group stk-block stk-5a3372e\" data-block-id=\"5a3372e\"><style>.stk-5a3372e {margin-bottom:38px !important;}.stk-5a3372e .stk-inner-blocks{column-gap:20px !important;row-gap:15px !important;}@media screen and (max-width:999px){.stk-5a3372e {margin-bottom:0px !important;}}<\/style><div class=\"stk-row stk-inner-blocks has-text-align-center stk-block-content stk-button-group\">\n<div class=\"wp-block-stackable-button stk-block-button stk-block stk-6859a84\" data-block-id=\"6859a84\"><style>.stk-6859a84 {margin-top:0px !important;margin-right:0px !important;margin-bottom:0px !important;margin-left:0px !important;}.stk-6859a84 .stk-button{padding-top:12px !important;padding-right:30px !important;padding-bottom:12px !important;padding-left:30px !important;background:#0693e3 !important;border-top-left-radius:7px !important;border-top-right-radius:7px !important;border-bottom-right-radius:7px !important;border-bottom-left-radius:7px !important;}.stk-6859a84 .stk-button:hover:after{background:#3048e6 !important;opacity:1 !important;}.stk-6859a84 .stk-button:before{box-shadow:0 5px 5px 0 #123f5209 !important;border-color:var(--theme-palette-color-8, #ffffff) !important;}.stk-6859a84 .stk-button .stk--inner-svg svg:last-child{height:22px !important;width:22px !important;}.stk-6859a84 .stk-button .stk--inner-svg svg:last-child, .stk-6859a84 .stk-button .stk--inner-svg svg:last-child :is(g, path, rect, polygon, ellipse){fill:#ffffff !important;}<\/style><a class=\"stk-link stk-button stk--hover-effect-darken\" href=\"\/index.php\/contacto\"><span class=\"stk--svg-wrapper\"><div class=\"stk--inner-svg\"><svg xmlns=\"http:\/\/www.w3.org\/2000\/svg\" viewBox=\"0 0 384 512\" aria-hidden=\"true\" width=\"32\" height=\"32\"><path d=\"M64 464c-8.8 0-16-7.2-16-16V64c0-8.8 7.2-16 16-16H224v80c0 17.7 14.3 32 32 32h80V448c0 8.8-7.2 16-16 16H64zM64 0C28.7 0 0 28.7 0 64V448c0 35.3 28.7 64 64 64H320c35.3 0 64-28.7 64-64V154.5c0-17-6.7-33.3-18.7-45.3L274.7 18.7C262.7 6.7 246.5 0 229.5 0H64zm56 256c-13.3 0-24 10.7-24 24s10.7 24 24 24H264c13.3 0 24-10.7 24-24s-10.7-24-24-24H120zm0 96c-13.3 0-24 10.7-24 24s10.7 24 24 24H264c13.3 0 24-10.7 24-24s-10.7-24-24-24H120z\"><\/path><\/svg><\/div><\/span><span class=\"stk-button__inner-text\"><strong>Pide tu Cita<\/strong><\/span><\/a><\/div>\n<\/div><\/div>\n\n\n\n<hr class=\"wp-block-separator has-text-color has-vivid-purple-color has-alpha-channel-opacity has-vivid-purple-background-color has-background is-style-wide\"\/>\n","protected":false},"excerpt":{"rendered":"<p>El masaje linf\u00e1tico es una t\u00e9cnica terap\u00e9utica que se enfoca en estimular el sistema linf\u00e1tico para mejorar la circulaci\u00f3n y la eliminaci\u00f3n de toxinas, desechos metab\u00f3licos del cuerpo, y reduce la retenci\u00f3n de l\u00edquidos. El sistema linf\u00e1tico es una red de vasos y ganglios linf\u00e1ticos que se encarga de transportar la linfa, un l\u00edquido transparente [&hellip;]<\/p>\n","protected":false},"author":1,"featured_media":0,"parent":0,"menu_order":0,"comment_status":"closed","ping_status":"closed","template":"","meta":{"_joinchat":[],"footnotes":""},"class_list":["post-930","page","type-page","status-publish","hentry"],"blocksy_meta":[],"yoast_head":"<!-- This site is optimized with the Yoast SEO plugin v27.2 - https:\/\/yoast.com\/product\/yoast-seo-wordpress\/ -->\n<title>Masaje Drenaje Linf\u00e1tico - Masajes Ocp<\/title>\n<meta name=\"robots\" content=\"index, follow, max-snippet:-1, max-image-preview:large, max-video-preview:-1\" \/>\n<link rel=\"canonical\" href=\"https:\/\/masajesocp.com\/index.php\/masaje-drenaje-linfatico\/\" \/>\n<meta property=\"og:locale\" content=\"es_ES\" \/>\n<meta property=\"og:type\" content=\"article\" \/>\n<meta property=\"og:title\" content=\"Masaje Drenaje Linf\u00e1tico - Masajes Ocp\" \/>\n<meta property=\"og:description\" content=\"El masaje linf\u00e1tico es una t\u00e9cnica terap\u00e9utica que se enfoca en estimular el sistema linf\u00e1tico para mejorar la circulaci\u00f3n y la eliminaci\u00f3n de toxinas, desechos metab\u00f3licos del cuerpo, y reduce la retenci\u00f3n de l\u00edquidos. El sistema linf\u00e1tico es una red de vasos y ganglios linf\u00e1ticos que se encarga de transportar la linfa, un l\u00edquido transparente [&hellip;]\" \/>\n<meta property=\"og:url\" content=\"https:\/\/masajesocp.com\/index.php\/masaje-drenaje-linfatico\/\" \/>\n<meta property=\"og:site_name\" content=\"Masajes Ocp\" \/>\n<meta property=\"article:modified_time\" content=\"2025-10-18T15:47:23+00:00\" \/>\n<meta property=\"og:image\" content=\"https:\/\/masajesocp.com\/wp-content\/uploads\/2024\/03\/masaje-drenaje-linfatico-4.webp\" \/>\n\t<meta property=\"og:image:width\" content=\"1200\" \/>\n\t<meta property=\"og:image:height\" content=\"500\" \/>\n\t<meta property=\"og:image:type\" content=\"image\/webp\" \/>\n<meta name=\"twitter:card\" content=\"summary_large_image\" \/>\n<meta name=\"twitter:label1\" content=\"Tiempo de lectura\" \/>\n\t<meta name=\"twitter:data1\" content=\"4 minutos\" \/>\n<script type=\"application\/ld+json\" class=\"yoast-schema-graph\">{\"@context\":\"https:\/\/schema.org\",\"@graph\":[{\"@type\":\"WebPage\",\"@id\":\"https:\/\/masajesocp.com\/index.php\/masaje-drenaje-linfatico\/\",\"url\":\"https:\/\/masajesocp.com\/index.php\/masaje-drenaje-linfatico\/\",\"name\":\"Masaje Drenaje Linf\u00e1tico - Masajes Ocp\",\"isPartOf\":{\"@id\":\"https:\/\/masajesocp.com\/#website\"},\"primaryImageOfPage\":{\"@id\":\"https:\/\/masajesocp.com\/index.php\/masaje-drenaje-linfatico\/#primaryimage\"},\"image\":{\"@id\":\"https:\/\/masajesocp.com\/index.php\/masaje-drenaje-linfatico\/#primaryimage\"},\"thumbnailUrl\":\"https:\/\/masajesocp.com\/wp-content\/uploads\/2024\/03\/masaje-drenaje-linfatico-4-1024x427.webp\",\"datePublished\":\"2024-03-17T21:50:56+00:00\",\"dateModified\":\"2025-10-18T15:47:23+00:00\",\"breadcrumb\":{\"@id\":\"https:\/\/masajesocp.com\/index.php\/masaje-drenaje-linfatico\/#breadcrumb\"},\"inLanguage\":\"es\",\"potentialAction\":[{\"@type\":\"ReadAction\",\"target\":[\"https:\/\/masajesocp.com\/index.php\/masaje-drenaje-linfatico\/\"]}]},{\"@type\":\"ImageObject\",\"inLanguage\":\"es\",\"@id\":\"https:\/\/masajesocp.com\/index.php\/masaje-drenaje-linfatico\/#primaryimage\",\"url\":\"https:\/\/masajesocp.com\/wp-content\/uploads\/2024\/03\/masaje-drenaje-linfatico-4.webp\",\"contentUrl\":\"https:\/\/masajesocp.com\/wp-content\/uploads\/2024\/03\/masaje-drenaje-linfatico-4.webp\",\"width\":1200,\"height\":500},{\"@type\":\"BreadcrumbList\",\"@id\":\"https:\/\/masajesocp.com\/index.php\/masaje-drenaje-linfatico\/#breadcrumb\",\"itemListElement\":[{\"@type\":\"ListItem\",\"position\":1,\"name\":\"Portada\",\"item\":\"https:\/\/masajesocp.com\/\"},{\"@type\":\"ListItem\",\"position\":2,\"name\":\"Masaje Drenaje Linf\u00e1tico\"}]},{\"@type\":\"WebSite\",\"@id\":\"https:\/\/masajesocp.com\/#website\",\"url\":\"https:\/\/masajesocp.com\/\",\"name\":\"Masajes Ocp\",\"description\":\"Masajes\",\"publisher\":{\"@id\":\"https:\/\/masajesocp.com\/#organization\"},\"potentialAction\":[{\"@type\":\"SearchAction\",\"target\":{\"@type\":\"EntryPoint\",\"urlTemplate\":\"https:\/\/masajesocp.com\/?s={search_term_string}\"},\"query-input\":{\"@type\":\"PropertyValueSpecification\",\"valueRequired\":true,\"valueName\":\"search_term_string\"}}],\"inLanguage\":\"es\"},{\"@type\":\"Organization\",\"@id\":\"https:\/\/masajesocp.com\/#organization\",\"name\":\"Masajes Ocp\",\"url\":\"https:\/\/masajesocp.com\/\",\"logo\":{\"@type\":\"ImageObject\",\"inLanguage\":\"es\",\"@id\":\"https:\/\/masajesocp.com\/#\/schema\/logo\/image\/\",\"url\":\"https:\/\/masajesocp.com\/wp-content\/uploads\/2025\/06\/Polish_20250603_231518752.jpg\",\"contentUrl\":\"https:\/\/masajesocp.com\/wp-content\/uploads\/2025\/06\/Polish_20250603_231518752.jpg\",\"width\":2346,\"height\":2492,\"caption\":\"Masajes Ocp\"},\"image\":{\"@id\":\"https:\/\/masajesocp.com\/#\/schema\/logo\/image\/\"}}]}<\/script>\n<!-- \/ Yoast SEO plugin. -->","yoast_head_json":{"title":"Masaje Drenaje Linf\u00e1tico - Masajes Ocp","robots":{"index":"index","follow":"follow","max-snippet":"max-snippet:-1","max-image-preview":"max-image-preview:large","max-video-preview":"max-video-preview:-1"},"canonical":"https:\/\/masajesocp.com\/index.php\/masaje-drenaje-linfatico\/","og_locale":"es_ES","og_type":"article","og_title":"Masaje Drenaje Linf\u00e1tico - Masajes Ocp","og_description":"El masaje linf\u00e1tico es una t\u00e9cnica terap\u00e9utica que se enfoca en estimular el sistema linf\u00e1tico para mejorar la circulaci\u00f3n y la eliminaci\u00f3n de toxinas, desechos metab\u00f3licos del cuerpo, y reduce la retenci\u00f3n de l\u00edquidos. El sistema linf\u00e1tico es una red de vasos y ganglios linf\u00e1ticos que se encarga de transportar la linfa, un l\u00edquido transparente [&hellip;]","og_url":"https:\/\/masajesocp.com\/index.php\/masaje-drenaje-linfatico\/","og_site_name":"Masajes Ocp","article_modified_time":"2025-10-18T15:47:23+00:00","og_image":[{"width":1200,"height":500,"url":"https:\/\/masajesocp.com\/wp-content\/uploads\/2024\/03\/masaje-drenaje-linfatico-4.webp","type":"image\/webp"}],"twitter_card":"summary_large_image","twitter_misc":{"Tiempo de lectura":"4 minutos"},"schema":{"@context":"https:\/\/schema.org","@graph":[{"@type":"WebPage","@id":"https:\/\/masajesocp.com\/index.php\/masaje-drenaje-linfatico\/","url":"https:\/\/masajesocp.com\/index.php\/masaje-drenaje-linfatico\/","name":"Masaje Drenaje Linf\u00e1tico - Masajes Ocp","isPartOf":{"@id":"https:\/\/masajesocp.com\/#website"},"primaryImageOfPage":{"@id":"https:\/\/masajesocp.com\/index.php\/masaje-drenaje-linfatico\/#primaryimage"},"image":{"@id":"https:\/\/masajesocp.com\/index.php\/masaje-drenaje-linfatico\/#primaryimage"},"thumbnailUrl":"https:\/\/masajesocp.com\/wp-content\/uploads\/2024\/03\/masaje-drenaje-linfatico-4-1024x427.webp","datePublished":"2024-03-17T21:50:56+00:00","dateModified":"2025-10-18T15:47:23+00:00","breadcrumb":{"@id":"https:\/\/masajesocp.com\/index.php\/masaje-drenaje-linfatico\/#breadcrumb"},"inLanguage":"es","potentialAction":[{"@type":"ReadAction","target":["https:\/\/masajesocp.com\/index.php\/masaje-drenaje-linfatico\/"]}]},{"@type":"ImageObject","inLanguage":"es","@id":"https:\/\/masajesocp.com\/index.php\/masaje-drenaje-linfatico\/#primaryimage","url":"https:\/\/masajesocp.com\/wp-content\/uploads\/2024\/03\/masaje-drenaje-linfatico-4.webp","contentUrl":"https:\/\/masajesocp.com\/wp-content\/uploads\/2024\/03\/masaje-drenaje-linfatico-4.webp","width":1200,"height":500},{"@type":"BreadcrumbList","@id":"https:\/\/masajesocp.com\/index.php\/masaje-drenaje-linfatico\/#breadcrumb","itemListElement":[{"@type":"ListItem","position":1,"name":"Portada","item":"https:\/\/masajesocp.com\/"},{"@type":"ListItem","position":2,"name":"Masaje Drenaje Linf\u00e1tico"}]},{"@type":"WebSite","@id":"https:\/\/masajesocp.com\/#website","url":"https:\/\/masajesocp.com\/","name":"Masajes Ocp","description":"Masajes","publisher":{"@id":"https:\/\/masajesocp.com\/#organization"},"potentialAction":[{"@type":"SearchAction","target":{"@type":"EntryPoint","urlTemplate":"https:\/\/masajesocp.com\/?s={search_term_string}"},"query-input":{"@type":"PropertyValueSpecification","valueRequired":true,"valueName":"search_term_string"}}],"inLanguage":"es"},{"@type":"Organization","@id":"https:\/\/masajesocp.com\/#organization","name":"Masajes Ocp","url":"https:\/\/masajesocp.com\/","logo":{"@type":"ImageObject","inLanguage":"es","@id":"https:\/\/masajesocp.com\/#\/schema\/logo\/image\/","url":"https:\/\/masajesocp.com\/wp-content\/uploads\/2025\/06\/Polish_20250603_231518752.jpg","contentUrl":"https:\/\/masajesocp.com\/wp-content\/uploads\/2025\/06\/Polish_20250603_231518752.jpg","width":2346,"height":2492,"caption":"Masajes Ocp"},"image":{"@id":"https:\/\/masajesocp.com\/#\/schema\/logo\/image\/"}}]}},"_links":{"self":[{"href":"https:\/\/masajesocp.com\/index.php\/wp-json\/wp\/v2\/pages\/930","targetHints":{"allow":["GET"]}}],"collection":[{"href":"https:\/\/masajesocp.com\/index.php\/wp-json\/wp\/v2\/pages"}],"about":[{"href":"https:\/\/masajesocp.com\/index.php\/wp-json\/wp\/v2\/types\/page"}],"author":[{"embeddable":true,"href":"https:\/\/masajesocp.com\/index.php\/wp-json\/wp\/v2\/users\/1"}],"replies":[{"embeddable":true,"href":"https:\/\/masajesocp.com\/index.php\/wp-json\/wp\/v2\/comments?post=930"}],"version-history":[{"count":8,"href":"https:\/\/masajesocp.com\/index.php\/wp-json\/wp\/v2\/pages\/930\/revisions"}],"predecessor-version":[{"id":2723,"href":"https:\/\/masajesocp.com\/index.php\/wp-json\/wp\/v2\/pages\/930\/revisions\/2723"}],"wp:attachment":[{"href":"https:\/\/masajesocp.com\/index.php\/wp-json\/wp\/v2\/media?parent=930"}],"curies":[{"name":"wp","href":"https:\/\/api.w.org\/{rel}","templated":true}]}}